{"id":4756,"date":"2026-03-28T17:47:07","date_gmt":"2026-03-28T16:47:07","guid":{"rendered":"https:\/\/www.rutadelsindiketes.com\/?page_id=4756"},"modified":"2026-03-28T18:58:24","modified_gmt":"2026-03-28T17:58:24","slug":"reservas-tour","status":"publish","type":"page","link":"https:\/\/www.rutadelsindiketes.com\/ca\/reserves-tour\/","title":{"rendered":"Reserves"},"content":{"rendered":"<div data-elementor-type=\"wp-page\" data-elementor-id=\"4756\" class=\"elementor elementor-4756\" data-elementor-post-type=\"page\">\n\t\t\t\t\t\t<section class=\"elementor-section elementor-top-section elementor-element elementor-element-2dc3b43 elementor-section-boxed elementor-section-height-default elementor-section-height-default\" data-id=\"2dc3b43\" data-element_type=\"section\" data-e-type=\"section\">\n\t\t\t\t\t\t<div class=\"elementor-container elementor-column-gap-default\">\n\t\t\t\t\t<div class=\"elementor-column elementor-col-100 elementor-top-column elementor-element elementor-element-4ff86e7\" data-id=\"4ff86e7\" data-element_type=\"column\" data-e-type=\"column\">\n\t\t\t<div class=\"elementor-widget-wrap elementor-element-populated\">\n\t\t\t\t\t\t<div class=\"elementor-element elementor-element-e046958 elementor-widget elementor-widget-heading\" data-id=\"e046958\" data-element_type=\"widget\" data-e-type=\"widget\" data-widget_type=\"heading.default\">\n\t\t\t\t<div class=\"elementor-widget-container\">\n\t\t\t\t\t<h1 class=\"elementor-heading-title elementor-size-default\">Reserves<\/h1>\t\t\t\t<\/div>\n\t\t\t\t<\/div>\n\t\t\t\t<div class=\"elementor-element elementor-element-57f22b4 elementor-widget elementor-widget-heading\" data-id=\"57f22b4\" data-element_type=\"widget\" data-e-type=\"widget\" data-widget_type=\"heading.default\">\n\t\t\t\t<div class=\"elementor-widget-container\">\n\t\t\t\t\t<h2 class=\"elementor-heading-title elementor-size-default\">Reserva la ruta completa amb The Natural Adventure.<\/h2>\t\t\t\t<\/div>\n\t\t\t\t<\/div>\n\t\t\t\t\t<\/div>\n\t\t<\/div>\n\t\t\t\t\t<\/div>\n\t\t<\/section>\n\t\t\t\t<section class=\"elementor-section elementor-top-section elementor-element elementor-element-96fe5f6 elementor-section-boxed elementor-section-height-default elementor-section-height-default\" data-id=\"96fe5f6\" data-element_type=\"section\" data-e-type=\"section\">\n\t\t\t\t\t\t<div class=\"elementor-container elementor-column-gap-default\">\n\t\t\t\t\t<div class=\"elementor-column elementor-col-100 elementor-top-column elementor-element elementor-element-fd718d5\" data-id=\"fd718d5\" data-element_type=\"column\" data-e-type=\"column\">\n\t\t\t<div class=\"elementor-widget-wrap elementor-element-populated\">\n\t\t\t\t\t\t<div class=\"elementor-element elementor-element-1757947 elementor-widget elementor-widget-image\" data-id=\"1757947\" data-element_type=\"widget\" data-e-type=\"widget\" data-widget_type=\"image.default\">\n\t\t\t\t<div class=\"elementor-widget-container\">\n\t\t\t\t\t\t\t\t\t\t\t\t\t\t\t\t<a href=\"https:\/\/www.thenaturaladventure.com\/tours\/spain\/walking-the-full-ruta-dels-indiketes\/\" target=\"_blank\">\n\t\t\t\t\t\t\t<img decoding=\"async\" width=\"480\" height=\"102\" src=\"https:\/\/www.rutadelsindiketes.com\/wp-content\/uploads\/2026\/03\/The-Natural-Adventure-Logo-e1774718250870.png\" class=\"attachment-large size-large wp-image-4766\" alt=\"\" srcset=\"https:\/\/www.rutadelsindiketes.com\/wp-content\/uploads\/2026\/03\/The-Natural-Adventure-Logo-e1774718250870.png 480w, https:\/\/www.rutadelsindiketes.com\/wp-content\/uploads\/2026\/03\/The-Natural-Adventure-Logo-e1774718250870-300x64.png 300w, https:\/\/www.rutadelsindiketes.com\/wp-content\/uploads\/2026\/03\/The-Natural-Adventure-Logo-e1774718250870-18x4.png 18w\" sizes=\"(max-width: 480px) 100vw, 480px\" \/>\t\t\t\t\t\t\t\t<\/a>\n\t\t\t\t\t\t\t\t\t\t\t\t\t\t\t<\/div>\n\t\t\t\t<\/div>\n\t\t\t\t<div class=\"elementor-element elementor-element-2a63181 elementor-widget elementor-widget-text-editor\" data-id=\"2a63181\" data-element_type=\"widget\" data-e-type=\"widget\" data-widget_type=\"text-editor.default\">\n\t\t\t\t<div class=\"elementor-widget-container\">\n\t\t\t\t\t\t\t\t\t<p><em><a href=\"https:\/\/www.thenaturaladventure.com\/tours\/spain\/walking-the-full-ruta-dels-indiketes\/\" target=\"_blank\" rel=\"noopener noreferrer\"><strong>The Natural Adventure Company<\/strong><\/a><\/em> ha estat destacada el 2026 com una de les operadores l\u00edders a nivell mundial per a tours de senderisme i trekking, figurant en grups d'elit especialitzats en rutes autoguiades. L'empresa mant\u00e9 una alta valoraci\u00f3 en plataformes com Trustpilot.<\/p>\t\t\t\t\t\t\t\t<\/div>\n\t\t\t\t<\/div>\n\t\t\t\t<div class=\"elementor-element elementor-element-390a2ee elementor-widget elementor-widget-text-editor\" data-id=\"390a2ee\" data-element_type=\"widget\" data-e-type=\"widget\" data-widget_type=\"text-editor.default\">\n\t\t\t\t<div class=\"elementor-widget-container\">\n\t\t\t\t\t\t\t\t\tL'allotjament en aquest tour es fa en hotels petits, principalment de propietat local, cases rurals, pensions tradicionals i un c\u00e0mping amb bungalous. Han estat acuradament seleccionats segons diversos criteris, com la seva ubicaci\u00f3, la c\u00e0lida hospitalitat, l'excel\u00b7lent gastronomia local i el seu comprom\u00eds amb el turisme responsable. Totes les habitacions disposen de bany privat.\t\t\t\t\t\t\t\t<\/div>\n\t\t\t\t<\/div>\n\t\t\t\t<div class=\"elementor-element elementor-element-49493c8 elementor-widget elementor-widget-text-editor\" data-id=\"49493c8\" data-element_type=\"widget\" data-e-type=\"widget\" data-widget_type=\"text-editor.default\">\n\t\t\t\t<div class=\"elementor-widget-container\">\n\t\t\t\t\t\t\t\t\t<p class=\"western\"><strong><span style=\"font-family: Arial, sans-serif;\">Inclou:<\/span><\/strong><\/p><ul><li class=\"western\"><span style=\"font-family: Arial, sans-serif;\">23 nits d'allotjament<\/span><\/li><li class=\"western\"><span style=\"font-family: Arial, sans-serif;\">23 esmorzars<\/span><\/li><li class=\"western\"><span style=\"font-family: Arial, sans-serif;\">Trasllat d'equipatge d'hotel a hotel durant tots els dies de caminada (una pe\u00e7a per persona, m\u00e0xim 20 kg)<\/span><\/li><li class=\"western\"><span style=\"font-family: Arial, sans-serif;\">Credencial Indiketa<\/span><\/li><li class=\"western\"><span style=\"font-family: Arial, sans-serif;\">Materials digitals del viatge: guia detallada amb mapes, aplicaci\u00f3 de navegaci\u00f3 per a smartphones i rutes GPS. Tingueu en compte que no es proporcionaran documents impresos a la destinaci\u00f3.<\/span><\/li><li class=\"western\"><span style=\"font-family: Arial, sans-serif;\">Assist\u00e8ncia telef\u00f2nica 24\/7 per part de la nostra oficina\/representant local.<\/span><\/li><\/ul>\t\t\t\t\t\t\t\t<\/div>\n\t\t\t\t<\/div>\n\t\t\t\t<div class=\"elementor-element elementor-element-93cfd89 elementor-align-center elementor-widget elementor-widget-button\" data-id=\"93cfd89\" data-element_type=\"widget\" data-e-type=\"widget\" data-widget_type=\"button.default\">\n\t\t\t\t<div class=\"elementor-widget-container\">\n\t\t\t\t\t\t\t\t\t<div class=\"elementor-button-wrapper\">\n\t\t\t\t\t<a class=\"elementor-button elementor-button-link elementor-size-sm\" href=\"https:\/\/www.thenaturaladventure.com\/tours\/spain\/walking-the-full-ruta-dels-indiketes\/\" target=\"_blank\" rel=\"nofollow\">\n\t\t\t\t\t\t<span class=\"elementor-button-content-wrapper\">\n\t\t\t\t\t\t\t\t\t<span class=\"elementor-button-text\">Reservar<\/span>\n\t\t\t\t\t<\/span>\n\t\t\t\t\t<\/a>\n\t\t\t\t<\/div>\n\t\t\t\t\t\t\t\t<\/div>\n\t\t\t\t<\/div>\n\t\t\t\t\t<\/div>\n\t\t<\/div>\n\t\t\t\t\t<\/div>\n\t\t<\/section>\n\t\t\t\t<\/div>","protected":false},"excerpt":{"rendered":"<p>Reserva la ruta completa con The Natural Adventure. The Natural Adventure Company ha sido destacada en 2026 como una de las operadoras l\u00edderes a nivel mundial para tours de senderismo y trekking, figurando en grupos de \u00e9lite especializados en rutas autoguiadas. La empresa mantiene una alta valoraci\u00f3n en plataformas como Trustpilot. El alojamiento en este [&hellip;]<\/p>","protected":false},"author":2,"featured_media":0,"parent":0,"menu_order":0,"comment_status":"closed","ping_status":"closed","template":"","meta":{"footnotes":""},"class_list":["post-4756","page","type-page","status-publish","hentry"],"yoast_head":"<!-- This site is optimized with the Yoast SEO plugin v27.2 - https:\/\/yoast.com\/product\/yoast-seo-wordpress\/ -->\n<title>Reservas-Ruta dels Indiketes<\/title>\n<meta name=\"robots\" content=\"index, follow, max-snippet:-1, max-image-preview:large, max-video-preview:-1\" \/>\n<link rel=\"canonical\" href=\"https:\/\/www.rutadelsindiketes.com\/ca\/reserves-tour\/\" \/>\n<meta property=\"og:locale\" content=\"ca_ES\" \/>\n<meta property=\"og:type\" content=\"article\" \/>\n<meta property=\"og:title\" content=\"Reservas-Ruta dels Indiketes\" \/>\n<meta property=\"og:description\" content=\"Reserva la ruta completa con The Natural Adventure. The Natural Adventure Company ha sido destacada en 2026 como una de las operadoras l\u00edderes a nivel mundial para tours de senderismo y trekking, figurando en grupos de \u00e9lite especializados en rutas autoguiadas. La empresa mantiene una alta valoraci\u00f3n en plataformas como Trustpilot. El alojamiento en este [&hellip;]\" \/>\n<meta property=\"og:url\" content=\"https:\/\/www.rutadelsindiketes.com\/ca\/reserves-tour\/\" \/>\n<meta property=\"og:site_name\" content=\"Ruta dels Indiketes\" \/>\n<meta property=\"article:modified_time\" content=\"2026-03-28T17:58:24+00:00\" \/>\n<meta property=\"og:image\" content=\"https:\/\/www.rutadelsindiketes.com\/wp-content\/uploads\/2026\/03\/The-Natural-Adventure-Logo-e1774718250870.png\" \/>\n\t<meta property=\"og:image:width\" content=\"480\" \/>\n\t<meta property=\"og:image:height\" content=\"102\" \/>\n\t<meta property=\"og:image:type\" content=\"image\/png\" \/>\n<meta name=\"twitter:card\" content=\"summary_large_image\" \/>\n<meta name=\"twitter:label1\" content=\"Temps estimat de lectura\" \/>\n\t<meta name=\"twitter:data1\" content=\"1 minut\" \/>\n<script type=\"application\/ld+json\" class=\"yoast-schema-graph\">{\"@context\":\"https:\/\/schema.org\",\"@graph\":[{\"@type\":\"WebPage\",\"@id\":\"https:\/\/www.rutadelsindiketes.com\/reservas-tour\/\",\"url\":\"https:\/\/www.rutadelsindiketes.com\/reservas-tour\/\",\"name\":\"Reservas-Ruta dels Indiketes\",\"isPartOf\":{\"@id\":\"https:\/\/www.rutadelsindiketes.com\/#website\"},\"primaryImageOfPage\":{\"@id\":\"https:\/\/www.rutadelsindiketes.com\/reservas-tour\/#primaryimage\"},\"image\":{\"@id\":\"https:\/\/www.rutadelsindiketes.com\/reservas-tour\/#primaryimage\"},\"thumbnailUrl\":\"https:\/\/www.rutadelsindiketes.com\/wp-content\/uploads\/2026\/03\/The-Natural-Adventure-Logo-e1774718250870.png\",\"datePublished\":\"2026-03-28T16:47:07+00:00\",\"dateModified\":\"2026-03-28T17:58:24+00:00\",\"breadcrumb\":{\"@id\":\"https:\/\/www.rutadelsindiketes.com\/reservas-tour\/#breadcrumb\"},\"inLanguage\":\"ca\",\"potentialAction\":[{\"@type\":\"ReadAction\",\"target\":[\"https:\/\/www.rutadelsindiketes.com\/reservas-tour\/\"]}]},{\"@type\":\"ImageObject\",\"inLanguage\":\"ca\",\"@id\":\"https:\/\/www.rutadelsindiketes.com\/reservas-tour\/#primaryimage\",\"url\":\"https:\/\/www.rutadelsindiketes.com\/wp-content\/uploads\/2026\/03\/The-Natural-Adventure-Logo-e1774718250870.png\",\"contentUrl\":\"https:\/\/www.rutadelsindiketes.com\/wp-content\/uploads\/2026\/03\/The-Natural-Adventure-Logo-e1774718250870.png\"},{\"@type\":\"BreadcrumbList\",\"@id\":\"https:\/\/www.rutadelsindiketes.com\/reservas-tour\/#breadcrumb\",\"itemListElement\":[{\"@type\":\"ListItem\",\"position\":1,\"name\":\"Portada\",\"item\":\"https:\/\/www.rutadelsindiketes.com\/ca\/\"},{\"@type\":\"ListItem\",\"position\":2,\"name\":\"Reservas\"}]},{\"@type\":\"WebSite\",\"@id\":\"https:\/\/www.rutadelsindiketes.com\/#website\",\"url\":\"https:\/\/www.rutadelsindiketes.com\/\",\"name\":\"Ruta dels Indiketes\",\"description\":\"S&oacute;lo otro sitio de WordPress\",\"potentialAction\":[{\"@type\":\"SearchAction\",\"target\":{\"@type\":\"EntryPoint\",\"urlTemplate\":\"https:\/\/www.rutadelsindiketes.com\/?s={search_term_string}\"},\"query-input\":{\"@type\":\"PropertyValueSpecification\",\"valueRequired\":true,\"valueName\":\"search_term_string\"}}],\"inLanguage\":\"ca\"}]}<\/script>\n<!-- \/ Yoast SEO plugin. -->","yoast_head_json":{"title":"Reservas-Ruta dels Indiketes","robots":{"index":"index","follow":"follow","max-snippet":"max-snippet:-1","max-image-preview":"max-image-preview:large","max-video-preview":"max-video-preview:-1"},"canonical":"https:\/\/www.rutadelsindiketes.com\/ca\/reserves-tour\/","og_locale":"ca_ES","og_type":"article","og_title":"Reservas-Ruta dels Indiketes","og_description":"Reserva la ruta completa con The Natural Adventure. The Natural Adventure Company ha sido destacada en 2026 como una de las operadoras l\u00edderes a nivel mundial para tours de senderismo y trekking, figurando en grupos de \u00e9lite especializados en rutas autoguiadas. La empresa mantiene una alta valoraci\u00f3n en plataformas como Trustpilot. El alojamiento en este [&hellip;]","og_url":"https:\/\/www.rutadelsindiketes.com\/ca\/reserves-tour\/","og_site_name":"Ruta dels Indiketes","article_modified_time":"2026-03-28T17:58:24+00:00","og_image":[{"width":480,"height":102,"url":"https:\/\/www.rutadelsindiketes.com\/wp-content\/uploads\/2026\/03\/The-Natural-Adventure-Logo-e1774718250870.png","type":"image\/png"}],"twitter_card":"summary_large_image","twitter_misc":{"Temps estimat de lectura":"1 minut"},"schema":{"@context":"https:\/\/schema.org","@graph":[{"@type":"WebPage","@id":"https:\/\/www.rutadelsindiketes.com\/reservas-tour\/","url":"https:\/\/www.rutadelsindiketes.com\/reservas-tour\/","name":"Reservas-Ruta dels Indiketes","isPartOf":{"@id":"https:\/\/www.rutadelsindiketes.com\/#website"},"primaryImageOfPage":{"@id":"https:\/\/www.rutadelsindiketes.com\/reservas-tour\/#primaryimage"},"image":{"@id":"https:\/\/www.rutadelsindiketes.com\/reservas-tour\/#primaryimage"},"thumbnailUrl":"https:\/\/www.rutadelsindiketes.com\/wp-content\/uploads\/2026\/03\/The-Natural-Adventure-Logo-e1774718250870.png","datePublished":"2026-03-28T16:47:07+00:00","dateModified":"2026-03-28T17:58:24+00:00","breadcrumb":{"@id":"https:\/\/www.rutadelsindiketes.com\/reservas-tour\/#breadcrumb"},"inLanguage":"ca","potentialAction":[{"@type":"ReadAction","target":["https:\/\/www.rutadelsindiketes.com\/reservas-tour\/"]}]},{"@type":"ImageObject","inLanguage":"ca","@id":"https:\/\/www.rutadelsindiketes.com\/reservas-tour\/#primaryimage","url":"https:\/\/www.rutadelsindiketes.com\/wp-content\/uploads\/2026\/03\/The-Natural-Adventure-Logo-e1774718250870.png","contentUrl":"https:\/\/www.rutadelsindiketes.com\/wp-content\/uploads\/2026\/03\/The-Natural-Adventure-Logo-e1774718250870.png"},{"@type":"BreadcrumbList","@id":"https:\/\/www.rutadelsindiketes.com\/reservas-tour\/#breadcrumb","itemListElement":[{"@type":"ListItem","position":1,"name":"Portada","item":"https:\/\/www.rutadelsindiketes.com\/ca\/"},{"@type":"ListItem","position":2,"name":"Reservas"}]},{"@type":"WebSite","@id":"https:\/\/www.rutadelsindiketes.com\/#website","url":"https:\/\/www.rutadelsindiketes.com\/","name":"Ruta dels Indiketes","description":"S&oacute;lo otro sitio de WordPress","potentialAction":[{"@type":"SearchAction","target":{"@type":"EntryPoint","urlTemplate":"https:\/\/www.rutadelsindiketes.com\/?s={search_term_string}"},"query-input":{"@type":"PropertyValueSpecification","valueRequired":true,"valueName":"search_term_string"}}],"inLanguage":"ca"}]}},"_links":{"self":[{"href":"https:\/\/www.rutadelsindiketes.com\/ca\/wp-json\/wp\/v2\/pages\/4756","targetHints":{"allow":["GET"]}}],"collection":[{"href":"https:\/\/www.rutadelsindiketes.com\/ca\/wp-json\/wp\/v2\/pages"}],"about":[{"href":"https:\/\/www.rutadelsindiketes.com\/ca\/wp-json\/wp\/v2\/types\/page"}],"author":[{"embeddable":true,"href":"https:\/\/www.rutadelsindiketes.com\/ca\/wp-json\/wp\/v2\/users\/2"}],"replies":[{"embeddable":true,"href":"https:\/\/www.rutadelsindiketes.com\/ca\/wp-json\/wp\/v2\/comments?post=4756"}],"version-history":[{"count":28,"href":"https:\/\/www.rutadelsindiketes.com\/ca\/wp-json\/wp\/v2\/pages\/4756\/revisions"}],"predecessor-version":[{"id":4788,"href":"https:\/\/www.rutadelsindiketes.com\/ca\/wp-json\/wp\/v2\/pages\/4756\/revisions\/4788"}],"wp:attachment":[{"href":"https:\/\/www.rutadelsindiketes.com\/ca\/wp-json\/wp\/v2\/media?parent=4756"}],"curies":[{"name":"wp","href":"https:\/\/api.w.org\/{rel}","templated":true}]}}