{"id":28,"date":"2021-03-10T19:01:28","date_gmt":"2021-03-10T19:01:28","guid":{"rendered":"https:\/\/www.rutadelsindiketes.com\/?page_id=28"},"modified":"2023-01-23T20:04:13","modified_gmt":"2023-01-23T19:04:13","slug":"aviso-legal-2","status":"publish","type":"page","link":"https:\/\/www.rutadelsindiketes.com\/de\/rechtshinweis-2\/","title":{"rendered":"Rechtlicher Hinweis"},"content":{"rendered":"<div data-elementor-type=\"wp-page\" data-elementor-id=\"28\" class=\"elementor elementor-28\" data-elementor-post-type=\"page\">\n\t\t\t\t\t\t<section class=\"elementor-section elementor-top-section elementor-element elementor-element-1e195246 elementor-section-boxed elementor-section-height-default elementor-section-height-default\" data-id=\"1e195246\" data-element_type=\"section\" data-e-type=\"section\">\n\t\t\t\t\t\t<div class=\"elementor-container elementor-column-gap-default\">\n\t\t\t\t\t<div class=\"elementor-column elementor-col-100 elementor-top-column elementor-element elementor-element-6effabad\" data-id=\"6effabad\" data-element_type=\"column\" data-e-type=\"column\">\n\t\t\t<div class=\"elementor-widget-wrap elementor-element-populated\">\n\t\t\t\t\t\t<div class=\"elementor-element elementor-element-ec61c7f elementor-widget elementor-widget-heading\" data-id=\"ec61c7f\" data-element_type=\"widget\" data-e-type=\"widget\" data-widget_type=\"heading.default\">\n\t\t\t\t<div class=\"elementor-widget-container\">\n\t\t\t\t\t<h1 class=\"elementor-heading-title elementor-size-default\">Rechtlicher Hinweis<\/h1>\t\t\t\t<\/div>\n\t\t\t\t<\/div>\n\t\t\t\t<div class=\"elementor-element elementor-element-3a09b9a1 elementor-widget elementor-widget-text-editor\" data-id=\"3a09b9a1\" data-element_type=\"widget\" data-e-type=\"widget\" data-widget_type=\"text-editor.default\">\n\t\t\t\t<div class=\"elementor-widget-container\">\n\t\t\t\t\t\t\t\t\t<p><strong>IDENTIFIKATIONSDATEN <\/strong><\/p><p>In \u00dcbereinstimmung mit den gesetzlichen Bestimmungen sind wir verpflichtet, alle Nutzer und Interessenten dar\u00fcber zu informieren, dass die Verantwortung und das Eigentum an der Web-Domain https:\/\/50cumplea\u00f1os.com sowie an den damit verbundenen sozialen Netzwerken und der Website, im Folgenden die \"Website\", IDEAL PRODUCTS EXPRESS, S.L. NIF B55261952, mit der Adresse CALLE BORRASS\u00c1, 20 17469-VILAMALLA (Girona), im Folgenden DER WEBSITENVERWALTER, geh\u00f6rt, dessen Kontakt-E-Mail-Adresse idealproducts.sl@gmail.com lautet.<\/p><p style=\"text-align: center;\"><strong><u>BEDINGUNGEN UND KONDITIONEN<\/u><\/strong><\/p><p><strong>NUTZUNG UND ANWENDUNG <\/strong><\/p><p>Diese Bedingungen gelten sowohl f\u00fcr die Startseite von https:\/\/50cumplea\u00f1os.com als auch f\u00fcr alle anderen von THE WEBSITE MANAGER erstellten Seiten, die ausdr\u00fccklich und unmissverst\u00e4ndlich darauf hinweisen, dass sie einen integralen Bestandteil dieser Website bilden.<\/p><p><strong>BENUTZER <\/strong><\/p><p>Als Nutzer gilt jede Person, die die Website besucht und auf eine ihrer Seiten oder Abschnitte zugreift, wobei der einfache Zugang und\/oder die einfache Nutzung dieser Website ausreicht, um die hierin wiedergegebenen Bedingungen und Konditionen zu akzeptieren. F\u00fcr den Fall, dass der Nutzer eine der auf der Website angebotenen Dienstleistungen in Anspruch nehmen m\u00f6chte, gelten ebenfalls die Vertragsbedingungen, deren Einhaltung obligatorisch ist.<\/p><p><strong>M\u00d6GLICHKEITEN ZUR KONTAKTAUFNAHME<\/strong><\/p><p>Wenn ein Nutzer den WEBSITE MANAGER kontaktieren m\u00f6chte, kann er eine E-Mail an idealproducts.sl@gmail.com senden.<\/p><p><strong>NUTZUNG DER WEBSITE <\/strong><\/p><p>Alle grafischen, textlichen, multimedialen Informationen, Fotos, Bilder, Videos oder andere digitale Dateiformate, die auf der Website zu finden sind, im Folgenden als \"Inhalte\" bezeichnet, sind Eigentum des WEBSITE MANAGERS und durch nationale und internationale Urheberrechtsgesetze gesch\u00fctzt.<\/p><p>Der Nutzer \u00fcbernimmt die Verantwortung f\u00fcr die Nutzung der Website und darf sie nicht f\u00fcr:<\/p><ol><li>sich an illegalen, ungesetzlichen oder gegen die Moral, die guten Sitten, den guten Glauben und die \u00f6ffentliche Ordnung versto\u00dfenden Aktivit\u00e4ten zu beteiligen;<\/li><li>Kommentare abzugeben oder Inhalte oder Propaganda zu verbreiten, die rassistisch, fremdenfeindlich, pornografisch oder terroristisch sind oder allgemein die Menschen- oder B\u00fcrgerrechte verletzen;<\/li><li>der physischen, intellektuellen oder moralischen Person des WEBSITENVERWALTERs, seiner Lieferanten oder Dritter Schaden zuf\u00fcgen;<\/li><li>Computerviren oder andere physische oder logische Systeme einzuf\u00fchren oder zu verbreiten, die die oben genannten Sch\u00e4den verursachen k\u00f6nnen;<\/li><li>Der Versuch, auf die E-Mail-Konten anderer Nutzer zuzugreifen und\/oder diese zu nutzen und deren Nachrichten zu \u00e4ndern oder zu manipulieren.<\/li><\/ol><p>DER WEBSITENVERWALTER beh\u00e4lt sich das Recht vor, Kommentare zu entfernen, die die Achtung der Menschenw\u00fcrde verletzen, die diskriminierend, fremdenfeindlich, rassistisch oder pornografisch sind, die gegen die Jugend oder das Kindesalter, die \u00f6ffentliche Ordnung oder Sicherheit versto\u00dfen oder die seiner Meinung nach nicht zur Ver\u00f6ffentlichung geeignet sind. In jedem Fall haftet DER WEBSITENVERWALTER nicht f\u00fcr die von den Nutzern in einem auf der Website enthaltenen Meinungstool abgegebenen Meinungen.<\/p><p><strong>GEISTIGES EIGENTUM <\/strong><\/p><p>DER WEBSITENVERWALTER ist Inhaber aller geistigen und gewerblichen Eigentumsrechte an der Website sowie an den darin enthaltenen Elementen, wie z. B.: Bilder, Tracks (GPS), Ton, Fotos, Audio, Video, Software, Texte, Marken, Logos, Farbkombinationen, Struktur, Design, Auswahl der verwendeten Materialien, Programme, die f\u00fcr den Betrieb, den Zugang und die Nutzung erforderlich sind, und die Vervielf\u00e4ltigung, Verbreitung und \u00f6ffentliche Kommunikation, einschlie\u00dflich der Bereitstellung, des gesamten oder eines Teils des Inhalts der Website, in jedem Medium und mit allen technischen Mitteln, mit oder ohne kommerzielle Zwecke, ohne die Genehmigung des WEBSITE MANAGERS, ist ausdr\u00fccklich verboten.<\/p><p>Der Benutzer verpflichtet sich, das Urheberrecht des WEBSITE MANAGERS zu respektieren und darf sie daher nur und ausschlie\u00dflich f\u00fcr den pers\u00f6nlichen und privaten Gebrauch ansehen, ausdrucken, auf einem elektronischen oder virtuellen Ger\u00e4t speichern und sie zu keinem Zeitpunkt verbreiten, sie entgeltlich oder unentgeltlich an Dritte vervielf\u00e4ltigen oder sie in irgendeiner Weise umgestalten. In jedem Fall m\u00fcssen Sie immer die Urheberschaft des WEBSITE MANAGERS und der Website erw\u00e4hnen, wenn Sie sich entscheiden, einen der Inhalte in einem sozialen Netzwerk zu teilen, und Sie d\u00fcrfen zu keinem Zeitpunkt einen der Inhalte ganz oder teilweise ver\u00e4ndern.<\/p><p>Es d\u00fcrfen keine Ausz\u00fcge aus Kursen, B\u00fcchern, Blogbeitr\u00e4gen oder anderen Teilen der Website, einschlie\u00dflich der Erw\u00e4hnung von Dritten, weitergegeben werden.<\/p><p><strong>VERANTWORTUNG F\u00dcR DEN INHALT<\/strong><\/p><p>Der Nutzer dieser Website greift auf diese aus eigener Initiative und auf eigene Rechnung zu. DER WEBSITENVERWALTER \u00fcbernimmt keine Verantwortung f\u00fcr etwaige Fehler oder Auslassungen, die den Inhalt betreffen k\u00f6nnten. DER WEBSITENVERWALTER kann nicht f\u00fcr Sch\u00e4den oder Unf\u00e4lle haftbar gemacht werden, die sich aus der Nutzung dieser Website ergeben, und auch nicht f\u00fcr Handlungen, die auf der Grundlage der hier bereitgestellten Informationen vorgenommen werden. Er kann auch nicht f\u00fcr Sch\u00e4den haftbar gemacht werden, die durch die Nutzung der auf dieser Website bereitgestellten Spuren (GPS) entstehen.<\/p><p>DER WEBSITENVERWALTER \u00fcbernimmt keine Verantwortung f\u00fcr die Informationen, die auf Websites Dritter enthalten sind, die \u00fcber Links mit der Website \"Ruta dels Indiketes\" verbunden sind.<\/p><p><strong>VERWENDUNG VON SPUREN (GPS)<\/strong><\/p><p>Der WEBSITE MANAGER \u00fcbernimmt keine Verantwortung f\u00fcr die Nutzung der Tracks (GPS). Wer die Tracks und ihre Zusatzinformationen ganz oder teilweise nutzt und \u00fcberwacht, \u00fcbernimmt die volle Verantwortung f\u00fcr die Risiken, die mit der Aus\u00fcbung der T\u00e4tigkeit verbunden sind, da diese Informationen nur zu Orientierungszwecken dienen.<\/p><p>Diese Tracks und ihre eventuellen Kommentare sind nicht als ersch\u00f6pfender Leitfaden f\u00fcr eine zu befolgende Route gedacht; sie dienen lediglich der Information. Manchmal folgen diese Tracks nicht den markierten Pfaden. F\u00fcr Unf\u00e4lle, die sich auf den vorgeschlagenen Routen ereignen, haftet die Person, die diese Informationen nutzt (und nicht DER WEBSITENVERWALTER).<\/p><p><strong>AUSSCHLUSS VON GEW\u00c4HRLEISTUNG UND HAFTUNG <\/strong><\/p><p>DER WEBSITENVERWALTER hat alle notwendigen technischen Ma\u00dfnahmen auf der Website ergriffen, um Sch\u00e4den jeglicher Art zu vermeiden, die unter anderem durch Fehler oder Auslassungen im Inhalt, mangelnde Verf\u00fcgbarkeit der Website oder die \u00dcbertragung von Viren oder b\u00f6sartigen oder sch\u00e4dlichen Programmen im Inhalt oder in den Daten der Nutzer verursacht werden k\u00f6nnten, und kann nicht daf\u00fcr verantwortlich gemacht werden, wenn eine dieser Ma\u00dfnahmen zu irgendeinem Zeitpunkt als Folge einer unsachgem\u00e4\u00dfen und\/oder missbr\u00e4uchlichen Nutzung durch Dritte versagt.<\/p><p>Der Nutzer hat es zu jeder Zeit zu unterlassen, die auf der Website installierten Schutzvorrichtungen oder Sicherheitssysteme zu l\u00f6schen, zu ver\u00e4ndern, zu umgehen oder zu manipulieren.<\/p><p><strong>\u00c4NDERUNGEN <\/strong><\/p><p>DER WEBSITENVERWALTER beh\u00e4lt sich das Recht vor, ohne Vorank\u00fcndigung \u00c4nderungen an der Website vorzunehmen, die er f\u00fcr angemessen h\u00e4lt, wobei er sowohl die Inhalte und Dienstleistungen, die \u00fcber die Website angeboten werden, als auch die Art und Weise, in der sie pr\u00e4sentiert werden oder sich befinden, sowie das Design und die Struktur der Website \u00e4ndern, l\u00f6schen oder hinzuf\u00fcgen kann.<\/p><p><strong>LINKS <\/strong><\/p><p>DER WEBSITENVERWALTER hat keine Kontrolle \u00fcber die Links und\/oder externen Inhalte, die auf der Website vorhanden sein k\u00f6nnen, und \u00fcbernimmt daher keine Verantwortung f\u00fcr diese, noch garantiert er die technische Verf\u00fcgbarkeit, Qualit\u00e4t, Zuverl\u00e4ssigkeit, Genauigkeit, Vollst\u00e4ndigkeit, Wahrhaftigkeit oder G\u00fcltigkeit des Materials oder der Informationen, die darin enthalten sind, und diese externen Links sind nicht als eine m\u00f6gliche Assoziation, Fusion, Zusammenarbeit oder Beteiligung mit dem Eigent\u00fcmer und\/oder Verwalter der Web-Domain, mit der sie verbunden sind, zu verstehen.<\/p><p><strong>PARTNER-LINKS <\/strong><\/p><p>Diese Website enth\u00e4lt Affiliate-Links zu Amazon. Wenn Sie auf diese Links klicken, werden Sie zu deren Plattform weitergeleitet. Wenn Sie einen Kauf t\u00e4tigen, ist Amazon f\u00fcr die Abwicklung des Kaufs verantwortlich und DER WEBSITENVERWALTER als Partner erh\u00e4lt Einnahmen aus K\u00e4ufen, die aus der Nutzung der Links stammen, die die geltenden Anforderungen erf\u00fcllen.<\/p><p><strong>RECHT AUF AUSSCHLUSS<\/strong><\/p><p>DER WEBSITENVERWALTER beh\u00e4lt sich das Recht vor, den Zugang zur Website und\/oder zu den angebotenen Diensten ohne Vorank\u00fcndigung zu verweigern oder zu entziehen, sei es auf eigenes Verlangen oder auf Verlangen eines Dritten, wenn der Nutzer die vorliegenden Bedingungen nicht einh\u00e4lt.<\/p><p><strong>ERGEBNISGARANTIE <\/strong><\/p><p>DER WEBSITENVERWALTER haftet nicht f\u00fcr den Erfolg oder Misserfolg der Nutzer bei der Anwendung der Informationen, die sie von der Website oder den von DEM WEBSITENVERWALTER angebotenen Dienstleistungen erhalten. Der Nutzer ist allein f\u00fcr die Anwendung des von WEBSITE MANAGER zur Verf\u00fcgung gestellten Materials verantwortlich.<\/p><p>Die zur Verf\u00fcgung gestellten Inhalte sind informativ, und DER WEBSITENVERWALTER beabsichtigt zu keinem Zeitpunkt, eine pers\u00f6nliche professionelle Beratung zu ersetzen, die der Nutzer, Kunde oder Teilnehmer zu einem bestimmten Thema ben\u00f6tigt, und kann nicht f\u00fcr Probleme verantwortlich gemacht werden, die dieser aufgrund der Nutzung der zur Verf\u00fcgung gestellten Informationen, ob korrekt oder nicht, oder aufgrund der Nichtber\u00fccksichtigung gesundheitlicher, ideologischer, wirtschaftlicher oder sonstiger Probleme hat, die durch die auf der Website gefundenen Inhalte, ob kostenlos oder nicht, beeinflusst werden k\u00f6nnen.<\/p><p><strong>ONLINE-STREITBEILEGUNG <\/strong><\/p><p>Der Nutzer oder der Kunde kann schreiben an <u>idealproducts.sl@gmail.com<\/u> um eventuelle Probleme mit der Website oder dem angebotenen Dienst zu l\u00f6sen.<\/p><p>Sie k\u00f6nnen auch die europ\u00e4ische Plattform f\u00fcr die Online-Streitbeilegung hier nutzen: http:\/\/ec.europa.eu\/consumers\/odr.<\/p><p style=\"text-align: center;\"><strong>\u00c4NDERUNG DIESES RECHTSHINWEISES UND DAUER<\/strong><\/p><p>DER WEBSITENVERWALTER kann die hier dargelegten Bedingungen jederzeit ohne Vorank\u00fcndigung \u00e4ndern, und sie bleiben so lange in Kraft, wie sie ordnungsgem\u00e4\u00df ver\u00f6ffentlicht werden.<\/p><p><strong>RECHTLICHE MASSNAHMEN<\/strong><\/p><p>DER WEBSITENVERWALTER kann jederzeit zivil- oder strafrechtliche Schritte gegen jede Person einleiten, die den auf der Website dargestellten Inhalt missbr\u00e4uchlich nutzt oder gegen die vorliegenden Bedingungen verst\u00f6\u00dft. Es gilt immer die Gesetzgebung des spanischen Hoheitsgebiets, und im Falle eines Konflikts unterwerfen sich die Parteien der Gerichtsbarkeit von Figueres, Spanien, da dies der Wohnsitz des Eigent\u00fcmers der Website ist.<\/p>\t\t\t\t\t\t\t\t<\/div>\n\t\t\t\t<\/div>\n\t\t\t\t\t<\/div>\n\t\t<\/div>\n\t\t\t\t\t<\/div>\n\t\t<\/section>\n\t\t\t\t<\/div>","protected":false},"excerpt":{"rendered":"<p>DATOS IDENTIFICATIVOS De acuerdo con la exigencia legal establecida, se cumple con la obligaci\u00f3n de informar a todos los usuarios e interesados que la responsabilidad y titularidad del dominio web https:\/\/50cumplea\u00f1os.com, as\u00ed como las redes sociales y el sitio web asociadas, en lo adelante el \u201csitio web\u201d le pertenecen a IDEAL PRODUCTS EXPRESS, S.L. NIF [&hellip;]<\/p>","protected":false},"author":1,"featured_media":0,"parent":0,"menu_order":0,"comment_status":"closed","ping_status":"closed","template":"elementor_header_footer","meta":{"footnotes":""},"class_list":["post-28","page","type-page","status-publish","hentry"],"yoast_head":"<!-- This site is optimized with the Yoast SEO plugin v27.2 - https:\/\/yoast.com\/product\/yoast-seo-wordpress\/ -->\n<title>Aviso legal-Ruta dels Indiketes<\/title>\n<meta name=\"robots\" content=\"noindex, follow\" \/>\n<meta property=\"og:locale\" content=\"de_DE\" \/>\n<meta property=\"og:type\" content=\"article\" \/>\n<meta property=\"og:title\" content=\"Aviso legal-Ruta dels Indiketes\" \/>\n<meta property=\"og:description\" content=\"DATOS IDENTIFICATIVOS De acuerdo con la exigencia legal establecida, se cumple con la obligaci\u00f3n de informar a todos los usuarios e interesados que la responsabilidad y titularidad del dominio web https:\/\/50cumplea\u00f1os.com, as\u00ed como las redes sociales y el sitio web asociadas, en lo adelante el \u201csitio web\u201d le pertenecen a IDEAL PRODUCTS EXPRESS, S.L. NIF [&hellip;]\" \/>\n<meta property=\"og:url\" content=\"https:\/\/www.rutadelsindiketes.com\/de\/rechtshinweis-2\/\" \/>\n<meta property=\"og:site_name\" content=\"Ruta dels Indiketes\" \/>\n<meta property=\"article:modified_time\" content=\"2023-01-23T19:04:13+00:00\" \/>\n<meta name=\"twitter:card\" content=\"summary_large_image\" \/>\n<meta name=\"twitter:label1\" content=\"Gesch\u00e4tzte Lesezeit\" \/>\n\t<meta name=\"twitter:data1\" content=\"8\u00a0Minuten\" \/>\n<script type=\"application\/ld+json\" class=\"yoast-schema-graph\">{\"@context\":\"https:\/\/schema.org\",\"@graph\":[{\"@type\":\"WebPage\",\"@id\":\"https:\/\/www.rutadelsindiketes.com\/aviso-legal-2\/\",\"url\":\"https:\/\/www.rutadelsindiketes.com\/aviso-legal-2\/\",\"name\":\"Aviso legal-Ruta dels Indiketes\",\"isPartOf\":{\"@id\":\"https:\/\/www.rutadelsindiketes.com\/#website\"},\"datePublished\":\"2021-03-10T19:01:28+00:00\",\"dateModified\":\"2023-01-23T19:04:13+00:00\",\"breadcrumb\":{\"@id\":\"https:\/\/www.rutadelsindiketes.com\/aviso-legal-2\/#breadcrumb\"},\"inLanguage\":\"de\",\"potentialAction\":[{\"@type\":\"ReadAction\",\"target\":[\"https:\/\/www.rutadelsindiketes.com\/aviso-legal-2\/\"]}]},{\"@type\":\"BreadcrumbList\",\"@id\":\"https:\/\/www.rutadelsindiketes.com\/aviso-legal-2\/#breadcrumb\",\"itemListElement\":[{\"@type\":\"ListItem\",\"position\":1,\"name\":\"Portada\",\"item\":\"https:\/\/www.rutadelsindiketes.com\/ca\/\"},{\"@type\":\"ListItem\",\"position\":2,\"name\":\"Aviso legal\"}]},{\"@type\":\"WebSite\",\"@id\":\"https:\/\/www.rutadelsindiketes.com\/#website\",\"url\":\"https:\/\/www.rutadelsindiketes.com\/\",\"name\":\"Ruta dels Indiketes\",\"description\":\"S&oacute;lo otro sitio de WordPress\",\"potentialAction\":[{\"@type\":\"SearchAction\",\"target\":{\"@type\":\"EntryPoint\",\"urlTemplate\":\"https:\/\/www.rutadelsindiketes.com\/?s={search_term_string}\"},\"query-input\":{\"@type\":\"PropertyValueSpecification\",\"valueRequired\":true,\"valueName\":\"search_term_string\"}}],\"inLanguage\":\"de\"}]}<\/script>\n<!-- \/ Yoast SEO plugin. -->","yoast_head_json":{"title":"Aviso legal-Ruta dels Indiketes","robots":{"index":"noindex","follow":"follow"},"og_locale":"de_DE","og_type":"article","og_title":"Aviso legal-Ruta dels Indiketes","og_description":"DATOS IDENTIFICATIVOS De acuerdo con la exigencia legal establecida, se cumple con la obligaci\u00f3n de informar a todos los usuarios e interesados que la responsabilidad y titularidad del dominio web https:\/\/50cumplea\u00f1os.com, as\u00ed como las redes sociales y el sitio web asociadas, en lo adelante el \u201csitio web\u201d le pertenecen a IDEAL PRODUCTS EXPRESS, S.L. NIF [&hellip;]","og_url":"https:\/\/www.rutadelsindiketes.com\/de\/rechtshinweis-2\/","og_site_name":"Ruta dels Indiketes","article_modified_time":"2023-01-23T19:04:13+00:00","twitter_card":"summary_large_image","twitter_misc":{"Gesch\u00e4tzte Lesezeit":"8\u00a0Minuten"},"schema":{"@context":"https:\/\/schema.org","@graph":[{"@type":"WebPage","@id":"https:\/\/www.rutadelsindiketes.com\/aviso-legal-2\/","url":"https:\/\/www.rutadelsindiketes.com\/aviso-legal-2\/","name":"Aviso legal-Ruta dels Indiketes","isPartOf":{"@id":"https:\/\/www.rutadelsindiketes.com\/#website"},"datePublished":"2021-03-10T19:01:28+00:00","dateModified":"2023-01-23T19:04:13+00:00","breadcrumb":{"@id":"https:\/\/www.rutadelsindiketes.com\/aviso-legal-2\/#breadcrumb"},"inLanguage":"de","potentialAction":[{"@type":"ReadAction","target":["https:\/\/www.rutadelsindiketes.com\/aviso-legal-2\/"]}]},{"@type":"BreadcrumbList","@id":"https:\/\/www.rutadelsindiketes.com\/aviso-legal-2\/#breadcrumb","itemListElement":[{"@type":"ListItem","position":1,"name":"Portada","item":"https:\/\/www.rutadelsindiketes.com\/ca\/"},{"@type":"ListItem","position":2,"name":"Aviso legal"}]},{"@type":"WebSite","@id":"https:\/\/www.rutadelsindiketes.com\/#website","url":"https:\/\/www.rutadelsindiketes.com\/","name":"Ruta dels Indiketes","description":"S&oacute;lo otro sitio de WordPress","potentialAction":[{"@type":"SearchAction","target":{"@type":"EntryPoint","urlTemplate":"https:\/\/www.rutadelsindiketes.com\/?s={search_term_string}"},"query-input":{"@type":"PropertyValueSpecification","valueRequired":true,"valueName":"search_term_string"}}],"inLanguage":"de"}]}},"_links":{"self":[{"href":"https:\/\/www.rutadelsindiketes.com\/de\/wp-json\/wp\/v2\/pages\/28","targetHints":{"allow":["GET"]}}],"collection":[{"href":"https:\/\/www.rutadelsindiketes.com\/de\/wp-json\/wp\/v2\/pages"}],"about":[{"href":"https:\/\/www.rutadelsindiketes.com\/de\/wp-json\/wp\/v2\/types\/page"}],"author":[{"embeddable":true,"href":"https:\/\/www.rutadelsindiketes.com\/de\/wp-json\/wp\/v2\/users\/1"}],"replies":[{"embeddable":true,"href":"https:\/\/www.rutadelsindiketes.com\/de\/wp-json\/wp\/v2\/comments?post=28"}],"version-history":[{"count":16,"href":"https:\/\/www.rutadelsindiketes.com\/de\/wp-json\/wp\/v2\/pages\/28\/revisions"}],"predecessor-version":[{"id":2423,"href":"https:\/\/www.rutadelsindiketes.com\/de\/wp-json\/wp\/v2\/pages\/28\/revisions\/2423"}],"wp:attachment":[{"href":"https:\/\/www.rutadelsindiketes.com\/de\/wp-json\/wp\/v2\/media?parent=28"}],"curies":[{"name":"wp","href":"https:\/\/api.w.org\/{rel}","templated":true}]}}