{"id":423,"date":"2022-02-03T00:18:19","date_gmt":"2022-02-02T23:18:19","guid":{"rendered":"https:\/\/www.rutadelsindiketes.com\/?page_id=423"},"modified":"2023-02-15T18:07:42","modified_gmt":"2023-02-15T17:07:42","slug":"una-ruta-con-historia","status":"publish","type":"page","link":"https:\/\/www.rutadelsindiketes.com\/de\/a-route-mit-geschichte\/","title":{"rendered":"Eine Route mit Geschichte"},"content":{"rendered":"<div data-elementor-type=\"wp-page\" data-elementor-id=\"423\" class=\"elementor elementor-423\" data-elementor-post-type=\"page\">\n\t\t\t\t\t\t<section class=\"elementor-section elementor-top-section elementor-element elementor-element-2592245b elementor-section-boxed elementor-section-height-default elementor-section-height-default\" data-id=\"2592245b\" data-element_type=\"section\" data-e-type=\"section\">\n\t\t\t\t\t\t<div class=\"elementor-container elementor-column-gap-default\">\n\t\t\t\t\t<div class=\"elementor-column elementor-col-100 elementor-top-column elementor-element elementor-element-581e859\" data-id=\"581e859\" data-element_type=\"column\" data-e-type=\"column\">\n\t\t\t<div class=\"elementor-widget-wrap elementor-element-populated\">\n\t\t\t\t\t\t<div class=\"elementor-element elementor-element-1df90d49 elementor-widget elementor-widget-heading\" data-id=\"1df90d49\" data-element_type=\"widget\" data-e-type=\"widget\" data-widget_type=\"heading.default\">\n\t\t\t\t<div class=\"elementor-widget-container\">\n\t\t\t\t\t<h1 class=\"elementor-heading-title elementor-size-default\">Eine Route mit Geschichte<\/h1>\t\t\t\t<\/div>\n\t\t\t\t<\/div>\n\t\t\t\t\t<\/div>\n\t\t<\/div>\n\t\t\t\t\t<\/div>\n\t\t<\/section>\n\t\t\t\t<section class=\"elementor-section elementor-top-section elementor-element elementor-element-85b5e3b elementor-section-boxed elementor-section-height-default elementor-section-height-default\" data-id=\"85b5e3b\" data-element_type=\"section\" data-e-type=\"section\">\n\t\t\t\t\t\t<div class=\"elementor-container elementor-column-gap-default\">\n\t\t\t\t\t<div class=\"elementor-column elementor-col-50 elementor-top-column elementor-element elementor-element-0af3a85\" data-id=\"0af3a85\" data-element_type=\"column\" data-e-type=\"column\" data-settings=\"{&quot;background_background&quot;:&quot;classic&quot;}\">\n\t\t\t<div class=\"elementor-widget-wrap elementor-element-populated\">\n\t\t\t\t\t\t<div class=\"elementor-element elementor-element-3ac5a96 elementor-widget elementor-widget-text-editor\" data-id=\"3ac5a96\" data-element_type=\"widget\" data-e-type=\"widget\" data-widget_type=\"text-editor.default\">\n\t\t\t\t<div class=\"elementor-widget-container\">\n\t\t\t\t\t\t\t\t\t<p>\"<em>Indiketes<\/em>\" ist der Name des iberischen Volkes, das die nord\u00f6stliche Spitze der Iberischen Halbinsel bewohnte, das Gebiet, das heute als Empord\u00e0 bekannt ist.<\/p><p>Sie waren die Nachkommen der Siedler der sp\u00e4ten Jungsteinzeit und der fr\u00fchen Bronzezeit, die mit den indoeurop\u00e4ischen St\u00e4mmen der \"Kultur der Urnenfelder\" (Kelten) verschmolzen waren, die von der anderen Seite der Pyren\u00e4en kamen.<\/p><p>Ihre wichtigsten Siedlungen (oppidum) waren Indika (Ullastret) und Emp\u00faries.<\/p>\t\t\t\t\t\t\t\t<\/div>\n\t\t\t\t<\/div>\n\t\t\t\t\t<\/div>\n\t\t<\/div>\n\t\t\t\t<div class=\"elementor-column elementor-col-50 elementor-top-column elementor-element elementor-element-c8694fe\" data-id=\"c8694fe\" data-element_type=\"column\" data-e-type=\"column\">\n\t\t\t<div class=\"elementor-widget-wrap elementor-element-populated\">\n\t\t\t\t\t\t<div class=\"elementor-element elementor-element-af65581 elementor-widget elementor-widget-image\" data-id=\"af65581\" data-element_type=\"widget\" data-e-type=\"widget\" data-widget_type=\"image.default\">\n\t\t\t\t<div class=\"elementor-widget-container\">\n\t\t\t\t\t\t\t\t\t\t\t\t\t\t\t\t<a href=\"https:\/\/www.rutadelsindiketes.com\/wp-content\/uploads\/2022\/02\/PLATJA-CASTELL.jpg\" data-elementor-open-lightbox=\"yes\" data-elementor-lightbox-title=\"PLATJA CASTELL\" data-e-action-hash=\"#elementor-action%3Aaction%3Dlightbox%26settings%3DeyJpZCI6NDI1LCJ1cmwiOiJodHRwczpcL1wvd3d3LnJ1dGFkZWxzaW5kaWtldGVzLmNvbVwvd3AtY29udGVudFwvdXBsb2Fkc1wvMjAyMlwvMDJcL1BMQVRKQS1DQVNURUxMLmpwZyJ9\">\n\t\t\t\t\t\t\t<img fetchpriority=\"high\" decoding=\"async\" width=\"800\" height=\"600\" src=\"https:\/\/www.rutadelsindiketes.com\/wp-content\/uploads\/2022\/02\/PLATJA-CASTELL-1024x768.jpg\" class=\"attachment-large size-large wp-image-425\" alt=\"\" srcset=\"https:\/\/www.rutadelsindiketes.com\/wp-content\/uploads\/2022\/02\/PLATJA-CASTELL-1024x768.jpg 1024w, https:\/\/www.rutadelsindiketes.com\/wp-content\/uploads\/2022\/02\/PLATJA-CASTELL-300x225.jpg 300w, https:\/\/www.rutadelsindiketes.com\/wp-content\/uploads\/2022\/02\/PLATJA-CASTELL-768x576.jpg 768w, https:\/\/www.rutadelsindiketes.com\/wp-content\/uploads\/2022\/02\/PLATJA-CASTELL.jpg 1136w\" sizes=\"(max-width: 800px) 100vw, 800px\" \/>\t\t\t\t\t\t\t\t<\/a>\n\t\t\t\t\t\t\t\t\t\t\t\t\t\t\t<\/div>\n\t\t\t\t<\/div>\n\t\t\t\t<div class=\"elementor-element elementor-element-0a9fdb4 elementor-widget elementor-widget-text-editor\" data-id=\"0a9fdb4\" data-element_type=\"widget\" data-e-type=\"widget\" data-widget_type=\"text-editor.default\">\n\t\t\t\t<div class=\"elementor-widget-container\">\n\t\t\t\t\t\t\t\t\t<p>Die <em>Indiketes-Route <\/em>l\u00e4dt zur Entdeckung der Pfade aus pr\u00e4historischer Zeit ein, aus dem Pal\u00e4olithikum, Neolithikum und der Bronzezeit, vorbei an zahllosen megalithischen Monumenten (Dolmen, Mehirs), H\u00f6hlen, Felsunterk\u00fcnften und Opfersteinen, D\u00f6rfer und Nekropolen aus verschiedenen Epochen, antike griechische und r\u00f6mische St\u00e4dte, Kl\u00f6ster, romanische und vorromanische Einsiedeleien und Kirchen, verlassene mittelalterliche D\u00f6rfer und viele andere antike Bauwerke, die auf Schritt und Tritt auftauchen.<\/p>\t\t\t\t\t\t\t\t<\/div>\n\t\t\t\t<\/div>\n\t\t\t\t\t<\/div>\n\t\t<\/div>\n\t\t\t\t\t<\/div>\n\t\t<\/section>\n\t\t\t\t<section class=\"elementor-section elementor-top-section elementor-element elementor-element-13c6074 elementor-section-content-middle elementor-section-boxed elementor-section-height-default elementor-section-height-default\" data-id=\"13c6074\" data-element_type=\"section\" data-e-type=\"section\">\n\t\t\t\t\t\t<div class=\"elementor-container elementor-column-gap-default\">\n\t\t\t\t\t<div class=\"elementor-column elementor-col-50 elementor-top-column elementor-element elementor-element-bfdc566\" data-id=\"bfdc566\" data-element_type=\"column\" data-e-type=\"column\">\n\t\t\t<div class=\"elementor-widget-wrap elementor-element-populated\">\n\t\t\t\t\t\t<div class=\"elementor-element elementor-element-8f23791 elementor-widget elementor-widget-heading\" data-id=\"8f23791\" data-element_type=\"widget\" data-e-type=\"widget\" data-widget_type=\"heading.default\">\n\t\t\t\t<div class=\"elementor-widget-container\">\n\t\t\t\t\t<h2 class=\"elementor-heading-title elementor-size-default\">Durchgangsland<\/h2>\t\t\t\t<\/div>\n\t\t\t\t<\/div>\n\t\t\t\t<div class=\"elementor-element elementor-element-fe619be elementor-widget elementor-widget-text-editor\" data-id=\"fe619be\" data-element_type=\"widget\" data-e-type=\"widget\" data-widget_type=\"text-editor.default\">\n\t\t\t\t<div class=\"elementor-widget-container\">\n\t\t\t\t\t\t\t\t\t<p>Der Empord\u00e0 ist seit jeher ein Durchzugsland, angefangen bei den Neandertalern, die vor 35.000 Jahren im S\u00fcden der Iberischen Halbinsel ausstarben, \u00fcber Iberer, Kelten, Griechen, R\u00f6mer, Westgoten, Araber und Franzosen. Und alle diese V\u00f6lker haben ihre Spuren in diesem Gebiet hinterlassen.<\/p><p>\u00a0<\/p><p>Das Logo der Ruta dels Indiketes spiegelt die reiche Geschichte dieser einzigartigen Region wider. Es ist die Figur eines Pferdes, halb Landpferd, halb Seepferdchen, und es ist das Bild, das auf der Vorderseite einiger Indiketes-M\u00fcnzen erscheint, die in der M\u00fcnzst\u00e4tte von \"<em>untikesken<\/em>\" gepr\u00e4gt wurden. Die Buchstaben sind in iberischer Schrift (2. Jahrhundert v. Chr.). <\/p>\t\t\t\t\t\t\t\t<\/div>\n\t\t\t\t<\/div>\n\t\t\t\t\t<\/div>\n\t\t<\/div>\n\t\t\t\t<div class=\"elementor-column elementor-col-50 elementor-top-column elementor-element elementor-element-d6f76a2\" data-id=\"d6f76a2\" data-element_type=\"column\" data-e-type=\"column\" data-settings=\"{&quot;background_background&quot;:&quot;classic&quot;}\">\n\t\t\t<div class=\"elementor-widget-wrap elementor-element-populated\">\n\t\t\t\t\t\t<div class=\"elementor-element elementor-element-dbde4ea elementor-widget elementor-widget-image\" data-id=\"dbde4ea\" data-element_type=\"widget\" data-e-type=\"widget\" data-widget_type=\"image.default\">\n\t\t\t\t<div class=\"elementor-widget-container\">\n\t\t\t\t\t\t\t\t\t\t\t\t\t\t\t<img decoding=\"async\" width=\"415\" height=\"207\" src=\"https:\/\/www.rutadelsindiketes.com\/wp-content\/uploads\/2022\/02\/untikesken.jpg\" class=\"attachment-large size-large wp-image-430\" alt=\"\" srcset=\"https:\/\/www.rutadelsindiketes.com\/wp-content\/uploads\/2022\/02\/untikesken.jpg 415w, https:\/\/www.rutadelsindiketes.com\/wp-content\/uploads\/2022\/02\/untikesken-300x150.jpg 300w\" sizes=\"(max-width: 415px) 100vw, 415px\" \/>\t\t\t\t\t\t\t\t\t\t\t\t\t\t\t<\/div>\n\t\t\t\t<\/div>\n\t\t\t\t<div class=\"elementor-element elementor-element-ccfae54 elementor-widget elementor-widget-text-editor\" data-id=\"ccfae54\" data-element_type=\"widget\" data-e-type=\"widget\" data-widget_type=\"text-editor.default\">\n\t\t\t\t<div class=\"elementor-widget-container\">\n\t\t\t\t\t\t\t\t\t<p>Es hatte den Wert einer \"<em>Semis<\/em>\" r\u00f6mischen M\u00fcnze, die einem halben \"<em>as<\/em>\" entsprach. Die M\u00fcnzst\u00e4tte dieser alten iberischen Stadt war die erste, die M\u00fcnzen auf der Iberischen Halbinsel pr\u00e4gte (5. Jahrhundert v. Chr.).<\/p><p>\u00a0<\/p><p>Dieses Anagramm repr\u00e4sentiert sehr gut die Kultur des Empord\u00e0, die Mischung aus Land und Meer, das allegorische Symbol des Empord\u00e0: der Hirte und die Meerjungfrau.<\/p>\t\t\t\t\t\t\t\t<\/div>\n\t\t\t\t<\/div>\n\t\t\t\t\t<\/div>\n\t\t<\/div>\n\t\t\t\t\t<\/div>\n\t\t<\/section>\n\t\t\t\t<section class=\"elementor-section elementor-top-section elementor-element elementor-element-df18802 elementor-section-content-middle elementor-section-boxed elementor-section-height-default elementor-section-height-default\" data-id=\"df18802\" data-element_type=\"section\" data-e-type=\"section\">\n\t\t\t\t\t\t<div class=\"elementor-container elementor-column-gap-default\">\n\t\t\t\t\t<div class=\"elementor-column elementor-col-50 elementor-top-column elementor-element elementor-element-d821bd9\" data-id=\"d821bd9\" data-element_type=\"column\" data-e-type=\"column\" data-settings=\"{&quot;background_background&quot;:&quot;classic&quot;}\">\n\t\t\t<div class=\"elementor-widget-wrap elementor-element-populated\">\n\t\t\t\t\t\t<div class=\"elementor-element elementor-element-0a0cf4f elementor-widget elementor-widget-heading\" data-id=\"0a0cf4f\" data-element_type=\"widget\" data-e-type=\"widget\" data-widget_type=\"heading.default\">\n\t\t\t\t<div class=\"elementor-widget-container\">\n\t\t\t\t\t<h2 class=\"elementor-heading-title elementor-size-default\">LANDSCHAFT, NATUR UND KULTUR<\/h2>\t\t\t\t<\/div>\n\t\t\t\t<\/div>\n\t\t\t\t<div class=\"elementor-element elementor-element-76efb3e elementor-widget elementor-widget-text-editor\" data-id=\"76efb3e\" data-element_type=\"widget\" data-e-type=\"widget\" data-widget_type=\"text-editor.default\">\n\t\t\t\t<div class=\"elementor-widget-container\">\n\t\t\t\t\t\t\t\t\t<p>Die Route der Indiketes zu gehen bedeutet, die Essenz dieses starken Territoriums am Leben zu erhalten, das seit Tausenden von Jahren von allen Arten von Schuhen betreten wird und gleichzeitig so zerbrechlich ist wie seine reiche Landschaft und sein Erbe.<\/p>\t\t\t\t\t\t\t\t<\/div>\n\t\t\t\t<\/div>\n\t\t\t\t\t<\/div>\n\t\t<\/div>\n\t\t\t\t<div class=\"elementor-column elementor-col-50 elementor-top-column elementor-element elementor-element-e1d0489\" data-id=\"e1d0489\" data-element_type=\"column\" data-e-type=\"column\">\n\t\t\t<div class=\"elementor-widget-wrap elementor-element-populated\">\n\t\t\t\t\t\t<div class=\"elementor-element elementor-element-e76e2cc elementor-widget elementor-widget-image\" data-id=\"e76e2cc\" data-element_type=\"widget\" data-e-type=\"widget\" data-widget_type=\"image.default\">\n\t\t\t\t<div class=\"elementor-widget-container\">\n\t\t\t\t\t\t\t\t\t\t\t\t\t\t\t<img decoding=\"async\" width=\"800\" height=\"600\" src=\"https:\/\/www.rutadelsindiketes.com\/wp-content\/uploads\/2022\/02\/QUERMANY-PETIT-1024x768.jpg\" class=\"attachment-large size-large wp-image-431\" alt=\"\" srcset=\"https:\/\/www.rutadelsindiketes.com\/wp-content\/uploads\/2022\/02\/QUERMANY-PETIT-1024x768.jpg 1024w, https:\/\/www.rutadelsindiketes.com\/wp-content\/uploads\/2022\/02\/QUERMANY-PETIT-300x225.jpg 300w, https:\/\/www.rutadelsindiketes.com\/wp-content\/uploads\/2022\/02\/QUERMANY-PETIT-768x576.jpg 768w, https:\/\/www.rutadelsindiketes.com\/wp-content\/uploads\/2022\/02\/QUERMANY-PETIT.jpg 1136w\" sizes=\"(max-width: 800px) 100vw, 800px\" \/>\t\t\t\t\t\t\t\t\t\t\t\t\t\t\t<\/div>\n\t\t\t\t<\/div>\n\t\t\t\t<div class=\"elementor-element elementor-element-653ee26 elementor-widget elementor-widget-text-editor\" data-id=\"653ee26\" data-element_type=\"widget\" data-e-type=\"widget\" data-widget_type=\"text-editor.default\">\n\t\t\t\t<div class=\"elementor-widget-container\">\n\t\t\t\t\t\t\t\t\t<p>Eines der Ziele der Ruta dels Indiketes ist es, zum Erhalt des nat\u00fcrlichen und kulturellen Reichtums der Region beizutragen, in der sie sich befindet: dem Empord\u00e0.<\/p>\t\t\t\t\t\t\t\t<\/div>\n\t\t\t\t<\/div>\n\t\t\t\t\t<\/div>\n\t\t<\/div>\n\t\t\t\t\t<\/div>\n\t\t<\/section>\n\t\t\t\t<\/div>","protected":false},"excerpt":{"rendered":"<p>\u201cIndiketes\u201d es el nombre del pueblo \u00edbero que ocupaba el extremo noreste de la pen\u00ednsula ib\u00e9rica, el territorio conocido hoy por Ampurd\u00e1n. Eran los descendientes de los pobladores de final del Neol\u00edtico y el inicio de la Edad de Bronce fusionados con las tribus indoeuropeas de la \u00abcultura de los campos de urnas\u00bb (celtas) llegados [&hellip;]<\/p>","protected":false},"author":2,"featured_media":0,"parent":0,"menu_order":0,"comment_status":"closed","ping_status":"closed","template":"elementor_header_footer","meta":{"footnotes":""},"class_list":["post-423","page","type-page","status-publish","hentry"],"yoast_head":"<!-- This site is optimized with the Yoast SEO plugin v27.2 - https:\/\/yoast.com\/product\/yoast-seo-wordpress\/ -->\n<title>Una Ruta con historia-Ruta dels Indiketes<\/title>\n<meta name=\"robots\" content=\"index, follow, max-snippet:-1, max-image-preview:large, max-video-preview:-1\" \/>\n<link rel=\"canonical\" href=\"https:\/\/www.rutadelsindiketes.com\/de\/una-ruta-amb-historia\/\" \/>\n<meta property=\"og:locale\" content=\"de_DE\" \/>\n<meta property=\"og:type\" content=\"article\" \/>\n<meta property=\"og:title\" content=\"Una Ruta con historia-Ruta dels Indiketes\" \/>\n<meta property=\"og:description\" content=\"\u201cIndiketes\u201d es el nombre del pueblo \u00edbero que ocupaba el extremo noreste de la pen\u00ednsula ib\u00e9rica, el territorio conocido hoy por Ampurd\u00e1n. Eran los descendientes de los pobladores de final del Neol\u00edtico y el inicio de la Edad de Bronce fusionados con las tribus indoeuropeas de la \u00abcultura de los campos de urnas\u00bb (celtas) llegados [&hellip;]\" \/>\n<meta property=\"og:url\" content=\"https:\/\/www.rutadelsindiketes.com\/de\/una-ruta-amb-historia\/\" \/>\n<meta property=\"og:site_name\" content=\"Ruta dels Indiketes\" \/>\n<meta property=\"article:modified_time\" content=\"2023-02-15T17:07:42+00:00\" \/>\n<meta property=\"og:image\" content=\"https:\/\/www.rutadelsindiketes.com\/wp-content\/uploads\/2022\/02\/PLATJA-CASTELL-1024x768.jpg\" \/>\n<meta name=\"twitter:card\" content=\"summary_large_image\" \/>\n<meta name=\"twitter:label1\" content=\"Gesch\u00e4tzte Lesezeit\" \/>\n\t<meta name=\"twitter:data1\" content=\"3\u00a0Minuten\" \/>\n<script type=\"application\/ld+json\" class=\"yoast-schema-graph\">{\"@context\":\"https:\/\/schema.org\",\"@graph\":[{\"@type\":\"WebPage\",\"@id\":\"https:\/\/www.rutadelsindiketes.com\/ca\/una-ruta-amb-historia\/\",\"url\":\"https:\/\/www.rutadelsindiketes.com\/ca\/una-ruta-amb-historia\/\",\"name\":\"Una Ruta con historia-Ruta dels Indiketes\",\"isPartOf\":{\"@id\":\"https:\/\/www.rutadelsindiketes.com\/#website\"},\"primaryImageOfPage\":{\"@id\":\"https:\/\/www.rutadelsindiketes.com\/ca\/una-ruta-amb-historia\/#primaryimage\"},\"image\":{\"@id\":\"https:\/\/www.rutadelsindiketes.com\/ca\/una-ruta-amb-historia\/#primaryimage\"},\"thumbnailUrl\":\"https:\/\/www.rutadelsindiketes.com\/wp-content\/uploads\/2022\/02\/PLATJA-CASTELL-1024x768.jpg\",\"datePublished\":\"2022-02-02T23:18:19+00:00\",\"dateModified\":\"2023-02-15T17:07:42+00:00\",\"breadcrumb\":{\"@id\":\"https:\/\/www.rutadelsindiketes.com\/ca\/una-ruta-amb-historia\/#breadcrumb\"},\"inLanguage\":\"de\",\"potentialAction\":[{\"@type\":\"ReadAction\",\"target\":[\"https:\/\/www.rutadelsindiketes.com\/ca\/una-ruta-amb-historia\/\"]}]},{\"@type\":\"ImageObject\",\"inLanguage\":\"de\",\"@id\":\"https:\/\/www.rutadelsindiketes.com\/ca\/una-ruta-amb-historia\/#primaryimage\",\"url\":\"https:\/\/www.rutadelsindiketes.com\/wp-content\/uploads\/2022\/02\/PLATJA-CASTELL-1024x768.jpg\",\"contentUrl\":\"https:\/\/www.rutadelsindiketes.com\/wp-content\/uploads\/2022\/02\/PLATJA-CASTELL-1024x768.jpg\"},{\"@type\":\"BreadcrumbList\",\"@id\":\"https:\/\/www.rutadelsindiketes.com\/ca\/una-ruta-amb-historia\/#breadcrumb\",\"itemListElement\":[{\"@type\":\"ListItem\",\"position\":1,\"name\":\"Portada\",\"item\":\"https:\/\/www.rutadelsindiketes.com\/ca\/\"},{\"@type\":\"ListItem\",\"position\":2,\"name\":\"Una Ruta con historia\"}]},{\"@type\":\"WebSite\",\"@id\":\"https:\/\/www.rutadelsindiketes.com\/#website\",\"url\":\"https:\/\/www.rutadelsindiketes.com\/\",\"name\":\"Ruta dels Indiketes\",\"description\":\"S&oacute;lo otro sitio de WordPress\",\"potentialAction\":[{\"@type\":\"SearchAction\",\"target\":{\"@type\":\"EntryPoint\",\"urlTemplate\":\"https:\/\/www.rutadelsindiketes.com\/?s={search_term_string}\"},\"query-input\":{\"@type\":\"PropertyValueSpecification\",\"valueRequired\":true,\"valueName\":\"search_term_string\"}}],\"inLanguage\":\"de\"}]}<\/script>\n<!-- \/ Yoast SEO plugin. -->","yoast_head_json":{"title":"Una Ruta con historia-Ruta dels Indiketes","robots":{"index":"index","follow":"follow","max-snippet":"max-snippet:-1","max-image-preview":"max-image-preview:large","max-video-preview":"max-video-preview:-1"},"canonical":"https:\/\/www.rutadelsindiketes.com\/de\/una-ruta-amb-historia\/","og_locale":"de_DE","og_type":"article","og_title":"Una Ruta con historia-Ruta dels Indiketes","og_description":"\u201cIndiketes\u201d es el nombre del pueblo \u00edbero que ocupaba el extremo noreste de la pen\u00ednsula ib\u00e9rica, el territorio conocido hoy por Ampurd\u00e1n. Eran los descendientes de los pobladores de final del Neol\u00edtico y el inicio de la Edad de Bronce fusionados con las tribus indoeuropeas de la \u00abcultura de los campos de urnas\u00bb (celtas) llegados [&hellip;]","og_url":"https:\/\/www.rutadelsindiketes.com\/de\/una-ruta-amb-historia\/","og_site_name":"Ruta dels Indiketes","article_modified_time":"2023-02-15T17:07:42+00:00","og_image":[{"url":"https:\/\/www.rutadelsindiketes.com\/wp-content\/uploads\/2022\/02\/PLATJA-CASTELL-1024x768.jpg","type":"","width":"","height":""}],"twitter_card":"summary_large_image","twitter_misc":{"Gesch\u00e4tzte Lesezeit":"3\u00a0Minuten"},"schema":{"@context":"https:\/\/schema.org","@graph":[{"@type":"WebPage","@id":"https:\/\/www.rutadelsindiketes.com\/ca\/una-ruta-amb-historia\/","url":"https:\/\/www.rutadelsindiketes.com\/ca\/una-ruta-amb-historia\/","name":"Una Ruta con historia-Ruta dels Indiketes","isPartOf":{"@id":"https:\/\/www.rutadelsindiketes.com\/#website"},"primaryImageOfPage":{"@id":"https:\/\/www.rutadelsindiketes.com\/ca\/una-ruta-amb-historia\/#primaryimage"},"image":{"@id":"https:\/\/www.rutadelsindiketes.com\/ca\/una-ruta-amb-historia\/#primaryimage"},"thumbnailUrl":"https:\/\/www.rutadelsindiketes.com\/wp-content\/uploads\/2022\/02\/PLATJA-CASTELL-1024x768.jpg","datePublished":"2022-02-02T23:18:19+00:00","dateModified":"2023-02-15T17:07:42+00:00","breadcrumb":{"@id":"https:\/\/www.rutadelsindiketes.com\/ca\/una-ruta-amb-historia\/#breadcrumb"},"inLanguage":"de","potentialAction":[{"@type":"ReadAction","target":["https:\/\/www.rutadelsindiketes.com\/ca\/una-ruta-amb-historia\/"]}]},{"@type":"ImageObject","inLanguage":"de","@id":"https:\/\/www.rutadelsindiketes.com\/ca\/una-ruta-amb-historia\/#primaryimage","url":"https:\/\/www.rutadelsindiketes.com\/wp-content\/uploads\/2022\/02\/PLATJA-CASTELL-1024x768.jpg","contentUrl":"https:\/\/www.rutadelsindiketes.com\/wp-content\/uploads\/2022\/02\/PLATJA-CASTELL-1024x768.jpg"},{"@type":"BreadcrumbList","@id":"https:\/\/www.rutadelsindiketes.com\/ca\/una-ruta-amb-historia\/#breadcrumb","itemListElement":[{"@type":"ListItem","position":1,"name":"Portada","item":"https:\/\/www.rutadelsindiketes.com\/ca\/"},{"@type":"ListItem","position":2,"name":"Una Ruta con historia"}]},{"@type":"WebSite","@id":"https:\/\/www.rutadelsindiketes.com\/#website","url":"https:\/\/www.rutadelsindiketes.com\/","name":"Ruta dels Indiketes","description":"S&oacute;lo otro sitio de WordPress","potentialAction":[{"@type":"SearchAction","target":{"@type":"EntryPoint","urlTemplate":"https:\/\/www.rutadelsindiketes.com\/?s={search_term_string}"},"query-input":{"@type":"PropertyValueSpecification","valueRequired":true,"valueName":"search_term_string"}}],"inLanguage":"de"}]}},"_links":{"self":[{"href":"https:\/\/www.rutadelsindiketes.com\/de\/wp-json\/wp\/v2\/pages\/423","targetHints":{"allow":["GET"]}}],"collection":[{"href":"https:\/\/www.rutadelsindiketes.com\/de\/wp-json\/wp\/v2\/pages"}],"about":[{"href":"https:\/\/www.rutadelsindiketes.com\/de\/wp-json\/wp\/v2\/types\/page"}],"author":[{"embeddable":true,"href":"https:\/\/www.rutadelsindiketes.com\/de\/wp-json\/wp\/v2\/users\/2"}],"replies":[{"embeddable":true,"href":"https:\/\/www.rutadelsindiketes.com\/de\/wp-json\/wp\/v2\/comments?post=423"}],"version-history":[{"count":22,"href":"https:\/\/www.rutadelsindiketes.com\/de\/wp-json\/wp\/v2\/pages\/423\/revisions"}],"predecessor-version":[{"id":3537,"href":"https:\/\/www.rutadelsindiketes.com\/de\/wp-json\/wp\/v2\/pages\/423\/revisions\/3537"}],"wp:attachment":[{"href":"https:\/\/www.rutadelsindiketes.com\/de\/wp-json\/wp\/v2\/media?parent=423"}],"curies":[{"name":"wp","href":"https:\/\/api.w.org\/{rel}","templated":true}]}}