{"id":423,"date":"2022-02-03T00:18:19","date_gmt":"2022-02-02T23:18:19","guid":{"rendered":"https:\/\/www.rutadelsindiketes.com\/?page_id=423"},"modified":"2023-02-15T18:07:42","modified_gmt":"2023-02-15T17:07:42","slug":"una-ruta-con-historia","status":"publish","type":"page","link":"https:\/\/www.rutadelsindiketes.com\/fr\/a-route-avec-histoire\/","title":{"rendered":"Une route avec une histoire"},"content":{"rendered":"<div data-elementor-type=\"wp-page\" data-elementor-id=\"423\" class=\"elementor elementor-423\" data-elementor-post-type=\"page\">\n\t\t\t\t\t\t<section class=\"elementor-section elementor-top-section elementor-element elementor-element-2592245b elementor-section-boxed elementor-section-height-default elementor-section-height-default\" data-id=\"2592245b\" data-element_type=\"section\" data-e-type=\"section\">\n\t\t\t\t\t\t<div class=\"elementor-container elementor-column-gap-default\">\n\t\t\t\t\t<div class=\"elementor-column elementor-col-100 elementor-top-column elementor-element elementor-element-581e859\" data-id=\"581e859\" data-element_type=\"column\" data-e-type=\"column\">\n\t\t\t<div class=\"elementor-widget-wrap elementor-element-populated\">\n\t\t\t\t\t\t<div class=\"elementor-element elementor-element-1df90d49 elementor-widget elementor-widget-heading\" data-id=\"1df90d49\" data-element_type=\"widget\" data-e-type=\"widget\" data-widget_type=\"heading.default\">\n\t\t\t\t<div class=\"elementor-widget-container\">\n\t\t\t\t\t<h1 class=\"elementor-heading-title elementor-size-default\">Une route avec une histoire<\/h1>\t\t\t\t<\/div>\n\t\t\t\t<\/div>\n\t\t\t\t\t<\/div>\n\t\t<\/div>\n\t\t\t\t\t<\/div>\n\t\t<\/section>\n\t\t\t\t<section class=\"elementor-section elementor-top-section elementor-element elementor-element-85b5e3b elementor-section-boxed elementor-section-height-default elementor-section-height-default\" data-id=\"85b5e3b\" data-element_type=\"section\" data-e-type=\"section\">\n\t\t\t\t\t\t<div class=\"elementor-container elementor-column-gap-default\">\n\t\t\t\t\t<div class=\"elementor-column elementor-col-50 elementor-top-column elementor-element elementor-element-0af3a85\" data-id=\"0af3a85\" data-element_type=\"column\" data-e-type=\"column\" data-settings=\"{&quot;background_background&quot;:&quot;classic&quot;}\">\n\t\t\t<div class=\"elementor-widget-wrap elementor-element-populated\">\n\t\t\t\t\t\t<div class=\"elementor-element elementor-element-3ac5a96 elementor-widget elementor-widget-text-editor\" data-id=\"3ac5a96\" data-element_type=\"widget\" data-e-type=\"widget\" data-widget_type=\"text-editor.default\">\n\t\t\t\t<div class=\"elementor-widget-container\">\n\t\t\t\t\t\t\t\t\t<p>\"<em>Indiketes<\/em>\" est le nom du peuple ib\u00e9rique qui occupait l'extr\u00e9mit\u00e9 nord-est de la p\u00e9ninsule ib\u00e9rique, le territoire connu aujourd'hui sous le nom d'Empord\u00e0.<\/p><p>Ils \u00e9taient les descendants des colons de la fin du N\u00e9olithique et du d\u00e9but de l'\u00e2ge du bronze, fusionn\u00e9s avec les tribus indo-europ\u00e9ennes de la \"culture des champs d'urnes\" (Celtes) qui venaient de l'autre c\u00f4t\u00e9 des Pyr\u00e9n\u00e9es.<\/p><p>Ses principaux \u00e9tablissements (oppidum) \u00e9taient Indika (Ullastret) et Emp\u00faries.<\/p>\t\t\t\t\t\t\t\t<\/div>\n\t\t\t\t<\/div>\n\t\t\t\t\t<\/div>\n\t\t<\/div>\n\t\t\t\t<div class=\"elementor-column elementor-col-50 elementor-top-column elementor-element elementor-element-c8694fe\" data-id=\"c8694fe\" data-element_type=\"column\" data-e-type=\"column\">\n\t\t\t<div class=\"elementor-widget-wrap elementor-element-populated\">\n\t\t\t\t\t\t<div class=\"elementor-element elementor-element-af65581 elementor-widget elementor-widget-image\" data-id=\"af65581\" data-element_type=\"widget\" data-e-type=\"widget\" data-widget_type=\"image.default\">\n\t\t\t\t<div class=\"elementor-widget-container\">\n\t\t\t\t\t\t\t\t\t\t\t\t\t\t\t\t<a href=\"https:\/\/www.rutadelsindiketes.com\/wp-content\/uploads\/2022\/02\/PLATJA-CASTELL.jpg\" data-elementor-open-lightbox=\"yes\" data-elementor-lightbox-title=\"PLATJA CASTELL\" data-e-action-hash=\"#elementor-action%3Aaction%3Dlightbox%26settings%3DeyJpZCI6NDI1LCJ1cmwiOiJodHRwczpcL1wvd3d3LnJ1dGFkZWxzaW5kaWtldGVzLmNvbVwvd3AtY29udGVudFwvdXBsb2Fkc1wvMjAyMlwvMDJcL1BMQVRKQS1DQVNURUxMLmpwZyJ9\">\n\t\t\t\t\t\t\t<img fetchpriority=\"high\" decoding=\"async\" width=\"800\" height=\"600\" src=\"https:\/\/www.rutadelsindiketes.com\/wp-content\/uploads\/2022\/02\/PLATJA-CASTELL-1024x768.jpg\" class=\"attachment-large size-large wp-image-425\" alt=\"\" srcset=\"https:\/\/www.rutadelsindiketes.com\/wp-content\/uploads\/2022\/02\/PLATJA-CASTELL-1024x768.jpg 1024w, https:\/\/www.rutadelsindiketes.com\/wp-content\/uploads\/2022\/02\/PLATJA-CASTELL-300x225.jpg 300w, https:\/\/www.rutadelsindiketes.com\/wp-content\/uploads\/2022\/02\/PLATJA-CASTELL-768x576.jpg 768w, https:\/\/www.rutadelsindiketes.com\/wp-content\/uploads\/2022\/02\/PLATJA-CASTELL.jpg 1136w\" sizes=\"(max-width: 800px) 100vw, 800px\" \/>\t\t\t\t\t\t\t\t<\/a>\n\t\t\t\t\t\t\t\t\t\t\t\t\t\t\t<\/div>\n\t\t\t\t<\/div>\n\t\t\t\t<div class=\"elementor-element elementor-element-0a9fdb4 elementor-widget elementor-widget-text-editor\" data-id=\"0a9fdb4\" data-element_type=\"widget\" data-e-type=\"widget\" data-widget_type=\"text-editor.default\">\n\t\t\t\t<div class=\"elementor-widget-container\">\n\t\t\t\t\t\t\t\t\t<p>La <em>Ruta dels Indiketes <\/em>vous invite \u00e0 d\u00e9couvrir les chemins trac\u00e9s depuis la pr\u00e9histoire, du pal\u00e9olithique, du n\u00e9olithique, de l'\u00e2ge du bronze, en passant par d'innombrables monuments m\u00e9galithiques (dolmens, mehirs), grottes, abris sous roche et pierres sacrificielles, des villages et des n\u00e9cropoles de diff\u00e9rentes \u00e9poques, d'anciennes cit\u00e9s grecques et romaines, des monast\u00e8res, des ermitages et des \u00e9glises romanes et pr\u00e9-romanes, des villages m\u00e9di\u00e9vaux abandonn\u00e9s et un long etcetera de constructions anciennes de toutes sortes qui apparaissent \u00e0 chaque tournant.<\/p>\t\t\t\t\t\t\t\t<\/div>\n\t\t\t\t<\/div>\n\t\t\t\t\t<\/div>\n\t\t<\/div>\n\t\t\t\t\t<\/div>\n\t\t<\/section>\n\t\t\t\t<section class=\"elementor-section elementor-top-section elementor-element elementor-element-13c6074 elementor-section-content-middle elementor-section-boxed elementor-section-height-default elementor-section-height-default\" data-id=\"13c6074\" data-element_type=\"section\" data-e-type=\"section\">\n\t\t\t\t\t\t<div class=\"elementor-container elementor-column-gap-default\">\n\t\t\t\t\t<div class=\"elementor-column elementor-col-50 elementor-top-column elementor-element elementor-element-bfdc566\" data-id=\"bfdc566\" data-element_type=\"column\" data-e-type=\"column\">\n\t\t\t<div class=\"elementor-widget-wrap elementor-element-populated\">\n\t\t\t\t\t\t<div class=\"elementor-element elementor-element-8f23791 elementor-widget elementor-widget-heading\" data-id=\"8f23791\" data-element_type=\"widget\" data-e-type=\"widget\" data-widget_type=\"heading.default\">\n\t\t\t\t<div class=\"elementor-widget-container\">\n\t\t\t\t\t<h2 class=\"elementor-heading-title elementor-size-default\">TERRE DE L'\u00c9TAPE<\/h2>\t\t\t\t<\/div>\n\t\t\t\t<\/div>\n\t\t\t\t<div class=\"elementor-element elementor-element-fe619be elementor-widget elementor-widget-text-editor\" data-id=\"fe619be\" data-element_type=\"widget\" data-e-type=\"widget\" data-widget_type=\"text-editor.default\">\n\t\t\t\t<div class=\"elementor-widget-container\">\n\t\t\t\t\t\t\t\t\t<p>L'Empord\u00e0 est une terre de passage depuis des temps imm\u00e9moriaux, \u00e0 commencer par les N\u00e9andertaliens qui se sont \u00e9teints il y a 35 000 ans dans le sud de la p\u00e9ninsule ib\u00e9rique, en passant par les Ib\u00e8res, les Celtes, les Grecs, les Romains, les Wisigoths, les Arabes et les Fran\u00e7ais. Et tous ces peuples ont laiss\u00e9 leur empreinte sur ce territoire.<\/p><p>\u00a0<\/p><p>Le logo de la Ruta dels Indiketes est le reflet de la riche histoire de cette r\u00e9gion unique. Il s'agit de la figure d'un cheval, mi-terrestre, mi-marin, et c'est l'image qui appara\u00eet sur l'avers de certaines pi\u00e8ces de monnaie indic\u00e8tes (indiketes), frapp\u00e9es \u00e0 la Monnaie de \"<em>untikesken<\/em>\" avec des caract\u00e8res d'\u00e9criture ib\u00e9rique (2e si\u00e8cle avant J.-C.). <\/p>\t\t\t\t\t\t\t\t<\/div>\n\t\t\t\t<\/div>\n\t\t\t\t\t<\/div>\n\t\t<\/div>\n\t\t\t\t<div class=\"elementor-column elementor-col-50 elementor-top-column elementor-element elementor-element-d6f76a2\" data-id=\"d6f76a2\" data-element_type=\"column\" data-e-type=\"column\" data-settings=\"{&quot;background_background&quot;:&quot;classic&quot;}\">\n\t\t\t<div class=\"elementor-widget-wrap elementor-element-populated\">\n\t\t\t\t\t\t<div class=\"elementor-element elementor-element-dbde4ea elementor-widget elementor-widget-image\" data-id=\"dbde4ea\" data-element_type=\"widget\" data-e-type=\"widget\" data-widget_type=\"image.default\">\n\t\t\t\t<div class=\"elementor-widget-container\">\n\t\t\t\t\t\t\t\t\t\t\t\t\t\t\t<img decoding=\"async\" width=\"415\" height=\"207\" src=\"https:\/\/www.rutadelsindiketes.com\/wp-content\/uploads\/2022\/02\/untikesken.jpg\" class=\"attachment-large size-large wp-image-430\" alt=\"\" srcset=\"https:\/\/www.rutadelsindiketes.com\/wp-content\/uploads\/2022\/02\/untikesken.jpg 415w, https:\/\/www.rutadelsindiketes.com\/wp-content\/uploads\/2022\/02\/untikesken-300x150.jpg 300w\" sizes=\"(max-width: 415px) 100vw, 415px\" \/>\t\t\t\t\t\t\t\t\t\t\t\t\t\t\t<\/div>\n\t\t\t\t<\/div>\n\t\t\t\t<div class=\"elementor-element elementor-element-ccfae54 elementor-widget elementor-widget-text-editor\" data-id=\"ccfae54\" data-element_type=\"widget\" data-e-type=\"widget\" data-widget_type=\"text-editor.default\">\n\t\t\t\t<div class=\"elementor-widget-container\">\n\t\t\t\t\t\t\t\t\t<p>Il avait la valeur d'un \"<em>semis<\/em>\" pi\u00e8ce romaine \u00e9quivalente \u00e0 la moiti\u00e9 d'un \"<em>as<\/em>\". L'h\u00f4tel des monnaies de cette ancienne cit\u00e9 ib\u00e9rique a \u00e9t\u00e9 le premier \u00e0 frapper des pi\u00e8ces dans la p\u00e9ninsule ib\u00e9rique (5e si\u00e8cle avant J.-C.).<\/p><p>\u00a0<\/p><p>Cette anagramme repr\u00e9sente tr\u00e8s bien la culture de l'Empord\u00e0, le m\u00e9lange entre la mer et la terre, le symbole all\u00e9gorique de l'Empord\u00e0 : le berger et la sir\u00e8ne.<\/p>\t\t\t\t\t\t\t\t<\/div>\n\t\t\t\t<\/div>\n\t\t\t\t\t<\/div>\n\t\t<\/div>\n\t\t\t\t\t<\/div>\n\t\t<\/section>\n\t\t\t\t<section class=\"elementor-section elementor-top-section elementor-element elementor-element-df18802 elementor-section-content-middle elementor-section-boxed elementor-section-height-default elementor-section-height-default\" data-id=\"df18802\" data-element_type=\"section\" data-e-type=\"section\">\n\t\t\t\t\t\t<div class=\"elementor-container elementor-column-gap-default\">\n\t\t\t\t\t<div class=\"elementor-column elementor-col-50 elementor-top-column elementor-element elementor-element-d821bd9\" data-id=\"d821bd9\" data-element_type=\"column\" data-e-type=\"column\" data-settings=\"{&quot;background_background&quot;:&quot;classic&quot;}\">\n\t\t\t<div class=\"elementor-widget-wrap elementor-element-populated\">\n\t\t\t\t\t\t<div class=\"elementor-element elementor-element-0a0cf4f elementor-widget elementor-widget-heading\" data-id=\"0a0cf4f\" data-element_type=\"widget\" data-e-type=\"widget\" data-widget_type=\"heading.default\">\n\t\t\t\t<div class=\"elementor-widget-container\">\n\t\t\t\t\t<h2 class=\"elementor-heading-title elementor-size-default\">PAYSAGE, NATURE ET CULTURE<\/h2>\t\t\t\t<\/div>\n\t\t\t\t<\/div>\n\t\t\t\t<div class=\"elementor-element elementor-element-76efb3e elementor-widget elementor-widget-text-editor\" data-id=\"76efb3e\" data-element_type=\"widget\" data-e-type=\"widget\" data-widget_type=\"text-editor.default\">\n\t\t\t\t<div class=\"elementor-widget-container\">\n\t\t\t\t\t\t\t\t\t<p>Parcourir la Route des Indiketes, c'est garder vivante l'essence de ce territoire fort, foul\u00e9 depuis des milliers d'ann\u00e9es par toutes sortes de chaussures et en m\u00eame temps fragile au m\u00eame titre que sa richesse paysag\u00e8re et patrimoniale.<\/p>\t\t\t\t\t\t\t\t<\/div>\n\t\t\t\t<\/div>\n\t\t\t\t\t<\/div>\n\t\t<\/div>\n\t\t\t\t<div class=\"elementor-column elementor-col-50 elementor-top-column elementor-element elementor-element-e1d0489\" data-id=\"e1d0489\" data-element_type=\"column\" data-e-type=\"column\">\n\t\t\t<div class=\"elementor-widget-wrap elementor-element-populated\">\n\t\t\t\t\t\t<div class=\"elementor-element elementor-element-e76e2cc elementor-widget elementor-widget-image\" data-id=\"e76e2cc\" data-element_type=\"widget\" data-e-type=\"widget\" data-widget_type=\"image.default\">\n\t\t\t\t<div class=\"elementor-widget-container\">\n\t\t\t\t\t\t\t\t\t\t\t\t\t\t\t<img decoding=\"async\" width=\"800\" height=\"600\" src=\"https:\/\/www.rutadelsindiketes.com\/wp-content\/uploads\/2022\/02\/QUERMANY-PETIT-1024x768.jpg\" class=\"attachment-large size-large wp-image-431\" alt=\"\" srcset=\"https:\/\/www.rutadelsindiketes.com\/wp-content\/uploads\/2022\/02\/QUERMANY-PETIT-1024x768.jpg 1024w, https:\/\/www.rutadelsindiketes.com\/wp-content\/uploads\/2022\/02\/QUERMANY-PETIT-300x225.jpg 300w, https:\/\/www.rutadelsindiketes.com\/wp-content\/uploads\/2022\/02\/QUERMANY-PETIT-768x576.jpg 768w, https:\/\/www.rutadelsindiketes.com\/wp-content\/uploads\/2022\/02\/QUERMANY-PETIT.jpg 1136w\" sizes=\"(max-width: 800px) 100vw, 800px\" \/>\t\t\t\t\t\t\t\t\t\t\t\t\t\t\t<\/div>\n\t\t\t\t<\/div>\n\t\t\t\t<div class=\"elementor-element elementor-element-653ee26 elementor-widget elementor-widget-text-editor\" data-id=\"653ee26\" data-element_type=\"widget\" data-e-type=\"widget\" data-widget_type=\"text-editor.default\">\n\t\t\t\t<div class=\"elementor-widget-container\">\n\t\t\t\t\t\t\t\t\t<p>L'un des objectifs de la Route des Indiketes est pr\u00e9cis\u00e9ment de contribuer \u00e0 la pr\u00e9servation de la richesse naturelle et culturelle de la terre o\u00f9 elle se trouve : l'Empord\u00e0.<\/p>\t\t\t\t\t\t\t\t<\/div>\n\t\t\t\t<\/div>\n\t\t\t\t\t<\/div>\n\t\t<\/div>\n\t\t\t\t\t<\/div>\n\t\t<\/section>\n\t\t\t\t<\/div>","protected":false},"excerpt":{"rendered":"<p>\u201cIndiketes\u201d es el nombre del pueblo \u00edbero que ocupaba el extremo noreste de la pen\u00ednsula ib\u00e9rica, el territorio conocido hoy por Ampurd\u00e1n. Eran los descendientes de los pobladores de final del Neol\u00edtico y el inicio de la Edad de Bronce fusionados con las tribus indoeuropeas de la \u00abcultura de los campos de urnas\u00bb (celtas) llegados [&hellip;]<\/p>","protected":false},"author":2,"featured_media":0,"parent":0,"menu_order":0,"comment_status":"closed","ping_status":"closed","template":"elementor_header_footer","meta":{"footnotes":""},"class_list":["post-423","page","type-page","status-publish","hentry"],"yoast_head":"<!-- This site is optimized with the Yoast SEO plugin v27.2 - https:\/\/yoast.com\/product\/yoast-seo-wordpress\/ -->\n<title>Una Ruta con historia-Ruta dels Indiketes<\/title>\n<meta name=\"robots\" content=\"index, follow, max-snippet:-1, max-image-preview:large, max-video-preview:-1\" \/>\n<link rel=\"canonical\" href=\"https:\/\/www.rutadelsindiketes.com\/fr\/una-ruta-amb-historia\/\" \/>\n<meta property=\"og:locale\" content=\"fr_FR\" \/>\n<meta property=\"og:type\" content=\"article\" \/>\n<meta property=\"og:title\" content=\"Una Ruta con historia-Ruta dels Indiketes\" \/>\n<meta property=\"og:description\" content=\"\u201cIndiketes\u201d es el nombre del pueblo \u00edbero que ocupaba el extremo noreste de la pen\u00ednsula ib\u00e9rica, el territorio conocido hoy por Ampurd\u00e1n. Eran los descendientes de los pobladores de final del Neol\u00edtico y el inicio de la Edad de Bronce fusionados con las tribus indoeuropeas de la \u00abcultura de los campos de urnas\u00bb (celtas) llegados [&hellip;]\" \/>\n<meta property=\"og:url\" content=\"https:\/\/www.rutadelsindiketes.com\/fr\/una-ruta-amb-historia\/\" \/>\n<meta property=\"og:site_name\" content=\"Ruta dels Indiketes\" \/>\n<meta property=\"article:modified_time\" content=\"2023-02-15T17:07:42+00:00\" \/>\n<meta property=\"og:image\" content=\"https:\/\/www.rutadelsindiketes.com\/wp-content\/uploads\/2022\/02\/PLATJA-CASTELL-1024x768.jpg\" \/>\n<meta name=\"twitter:card\" content=\"summary_large_image\" \/>\n<meta name=\"twitter:label1\" content=\"Dur\u00e9e de lecture estim\u00e9e\" \/>\n\t<meta name=\"twitter:data1\" content=\"3 minutes\" \/>\n<script type=\"application\/ld+json\" class=\"yoast-schema-graph\">{\"@context\":\"https:\/\/schema.org\",\"@graph\":[{\"@type\":\"WebPage\",\"@id\":\"https:\/\/www.rutadelsindiketes.com\/ca\/una-ruta-amb-historia\/\",\"url\":\"https:\/\/www.rutadelsindiketes.com\/ca\/una-ruta-amb-historia\/\",\"name\":\"Una Ruta con historia-Ruta dels Indiketes\",\"isPartOf\":{\"@id\":\"https:\/\/www.rutadelsindiketes.com\/#website\"},\"primaryImageOfPage\":{\"@id\":\"https:\/\/www.rutadelsindiketes.com\/ca\/una-ruta-amb-historia\/#primaryimage\"},\"image\":{\"@id\":\"https:\/\/www.rutadelsindiketes.com\/ca\/una-ruta-amb-historia\/#primaryimage\"},\"thumbnailUrl\":\"https:\/\/www.rutadelsindiketes.com\/wp-content\/uploads\/2022\/02\/PLATJA-CASTELL-1024x768.jpg\",\"datePublished\":\"2022-02-02T23:18:19+00:00\",\"dateModified\":\"2023-02-15T17:07:42+00:00\",\"breadcrumb\":{\"@id\":\"https:\/\/www.rutadelsindiketes.com\/ca\/una-ruta-amb-historia\/#breadcrumb\"},\"inLanguage\":\"fr-FR\",\"potentialAction\":[{\"@type\":\"ReadAction\",\"target\":[\"https:\/\/www.rutadelsindiketes.com\/ca\/una-ruta-amb-historia\/\"]}]},{\"@type\":\"ImageObject\",\"inLanguage\":\"fr-FR\",\"@id\":\"https:\/\/www.rutadelsindiketes.com\/ca\/una-ruta-amb-historia\/#primaryimage\",\"url\":\"https:\/\/www.rutadelsindiketes.com\/wp-content\/uploads\/2022\/02\/PLATJA-CASTELL-1024x768.jpg\",\"contentUrl\":\"https:\/\/www.rutadelsindiketes.com\/wp-content\/uploads\/2022\/02\/PLATJA-CASTELL-1024x768.jpg\"},{\"@type\":\"BreadcrumbList\",\"@id\":\"https:\/\/www.rutadelsindiketes.com\/ca\/una-ruta-amb-historia\/#breadcrumb\",\"itemListElement\":[{\"@type\":\"ListItem\",\"position\":1,\"name\":\"Portada\",\"item\":\"https:\/\/www.rutadelsindiketes.com\/ca\/\"},{\"@type\":\"ListItem\",\"position\":2,\"name\":\"Una Ruta con historia\"}]},{\"@type\":\"WebSite\",\"@id\":\"https:\/\/www.rutadelsindiketes.com\/#website\",\"url\":\"https:\/\/www.rutadelsindiketes.com\/\",\"name\":\"Ruta dels Indiketes\",\"description\":\"S&oacute;lo otro sitio de WordPress\",\"potentialAction\":[{\"@type\":\"SearchAction\",\"target\":{\"@type\":\"EntryPoint\",\"urlTemplate\":\"https:\/\/www.rutadelsindiketes.com\/?s={search_term_string}\"},\"query-input\":{\"@type\":\"PropertyValueSpecification\",\"valueRequired\":true,\"valueName\":\"search_term_string\"}}],\"inLanguage\":\"fr-FR\"}]}<\/script>\n<!-- \/ Yoast SEO plugin. -->","yoast_head_json":{"title":"Una Ruta con historia-Ruta dels Indiketes","robots":{"index":"index","follow":"follow","max-snippet":"max-snippet:-1","max-image-preview":"max-image-preview:large","max-video-preview":"max-video-preview:-1"},"canonical":"https:\/\/www.rutadelsindiketes.com\/fr\/una-ruta-amb-historia\/","og_locale":"fr_FR","og_type":"article","og_title":"Una Ruta con historia-Ruta dels Indiketes","og_description":"\u201cIndiketes\u201d es el nombre del pueblo \u00edbero que ocupaba el extremo noreste de la pen\u00ednsula ib\u00e9rica, el territorio conocido hoy por Ampurd\u00e1n. Eran los descendientes de los pobladores de final del Neol\u00edtico y el inicio de la Edad de Bronce fusionados con las tribus indoeuropeas de la \u00abcultura de los campos de urnas\u00bb (celtas) llegados [&hellip;]","og_url":"https:\/\/www.rutadelsindiketes.com\/fr\/una-ruta-amb-historia\/","og_site_name":"Ruta dels Indiketes","article_modified_time":"2023-02-15T17:07:42+00:00","og_image":[{"url":"https:\/\/www.rutadelsindiketes.com\/wp-content\/uploads\/2022\/02\/PLATJA-CASTELL-1024x768.jpg","type":"","width":"","height":""}],"twitter_card":"summary_large_image","twitter_misc":{"Dur\u00e9e de lecture estim\u00e9e":"3 minutes"},"schema":{"@context":"https:\/\/schema.org","@graph":[{"@type":"WebPage","@id":"https:\/\/www.rutadelsindiketes.com\/ca\/una-ruta-amb-historia\/","url":"https:\/\/www.rutadelsindiketes.com\/ca\/una-ruta-amb-historia\/","name":"Una Ruta con historia-Ruta dels Indiketes","isPartOf":{"@id":"https:\/\/www.rutadelsindiketes.com\/#website"},"primaryImageOfPage":{"@id":"https:\/\/www.rutadelsindiketes.com\/ca\/una-ruta-amb-historia\/#primaryimage"},"image":{"@id":"https:\/\/www.rutadelsindiketes.com\/ca\/una-ruta-amb-historia\/#primaryimage"},"thumbnailUrl":"https:\/\/www.rutadelsindiketes.com\/wp-content\/uploads\/2022\/02\/PLATJA-CASTELL-1024x768.jpg","datePublished":"2022-02-02T23:18:19+00:00","dateModified":"2023-02-15T17:07:42+00:00","breadcrumb":{"@id":"https:\/\/www.rutadelsindiketes.com\/ca\/una-ruta-amb-historia\/#breadcrumb"},"inLanguage":"fr-FR","potentialAction":[{"@type":"ReadAction","target":["https:\/\/www.rutadelsindiketes.com\/ca\/una-ruta-amb-historia\/"]}]},{"@type":"ImageObject","inLanguage":"fr-FR","@id":"https:\/\/www.rutadelsindiketes.com\/ca\/una-ruta-amb-historia\/#primaryimage","url":"https:\/\/www.rutadelsindiketes.com\/wp-content\/uploads\/2022\/02\/PLATJA-CASTELL-1024x768.jpg","contentUrl":"https:\/\/www.rutadelsindiketes.com\/wp-content\/uploads\/2022\/02\/PLATJA-CASTELL-1024x768.jpg"},{"@type":"BreadcrumbList","@id":"https:\/\/www.rutadelsindiketes.com\/ca\/una-ruta-amb-historia\/#breadcrumb","itemListElement":[{"@type":"ListItem","position":1,"name":"Portada","item":"https:\/\/www.rutadelsindiketes.com\/ca\/"},{"@type":"ListItem","position":2,"name":"Una Ruta con historia"}]},{"@type":"WebSite","@id":"https:\/\/www.rutadelsindiketes.com\/#website","url":"https:\/\/www.rutadelsindiketes.com\/","name":"Ruta dels Indiketes","description":"S&oacute;lo otro sitio de WordPress","potentialAction":[{"@type":"SearchAction","target":{"@type":"EntryPoint","urlTemplate":"https:\/\/www.rutadelsindiketes.com\/?s={search_term_string}"},"query-input":{"@type":"PropertyValueSpecification","valueRequired":true,"valueName":"search_term_string"}}],"inLanguage":"fr-FR"}]}},"_links":{"self":[{"href":"https:\/\/www.rutadelsindiketes.com\/fr\/wp-json\/wp\/v2\/pages\/423","targetHints":{"allow":["GET"]}}],"collection":[{"href":"https:\/\/www.rutadelsindiketes.com\/fr\/wp-json\/wp\/v2\/pages"}],"about":[{"href":"https:\/\/www.rutadelsindiketes.com\/fr\/wp-json\/wp\/v2\/types\/page"}],"author":[{"embeddable":true,"href":"https:\/\/www.rutadelsindiketes.com\/fr\/wp-json\/wp\/v2\/users\/2"}],"replies":[{"embeddable":true,"href":"https:\/\/www.rutadelsindiketes.com\/fr\/wp-json\/wp\/v2\/comments?post=423"}],"version-history":[{"count":22,"href":"https:\/\/www.rutadelsindiketes.com\/fr\/wp-json\/wp\/v2\/pages\/423\/revisions"}],"predecessor-version":[{"id":3537,"href":"https:\/\/www.rutadelsindiketes.com\/fr\/wp-json\/wp\/v2\/pages\/423\/revisions\/3537"}],"wp:attachment":[{"href":"https:\/\/www.rutadelsindiketes.com\/fr\/wp-json\/wp\/v2\/media?parent=423"}],"curies":[{"name":"wp","href":"https:\/\/api.w.org\/{rel}","templated":true}]}}